{"id":292045,"date":"2025-01-01T17:12:20","date_gmt":"2025-01-01T16:12:20","guid":{"rendered":"https:\/\/www.atta45.se\/e-butik\/produkt\/pennformat-skruvmejselset-med-led-ljus\/"},"modified":"2025-10-27T23:13:32","modified_gmt":"2025-10-27T22:13:32","slug":"pennformat-skruvmejselset-med-led-ljus","status":"publish","type":"product","link":"https:\/\/www.atta45.se\/e-butik\/produkt\/pennformat-skruvmejselset-med-led-ljus\/","title":{"rendered":"Skruvmejselset, 3 i 1, pennformat med LED-ljus, nyckelring, aluminium, Frazer"},"content":{"rendered":"<p>Set med skruvmejsel i form av en penna, inneh\u00e5llande 4 sp\u00e5rbits och 4 stj\u00e4rnbits (philipsbits) totalt 8 bits, och en LED-lampa med nyckelring, 3 dioder. Packat i en presentkartong. Batterier medf\u00f6ljer.<\/p>\n","protected":false},"excerpt":{"rendered":"<p>Set med skruvmejsel i form av en penna, inneh\u00e5llande 4 sp\u00e5rbits och 4 stj\u00e4rnbits (philipsbits) totalt 8 bits, och en LED-lampa med nyckelring, 3 dioder. Packat i en presentkartong. Batterier medf\u00f6ljer.<\/p>\n","protected":false},"featured_media":292046,"template":"","meta":{"_acf_changed":false,"_seopress_robots_primary_cat":"","_seopress_titles_title":"","_seopress_titles_desc":"","_seopress_robots_index":""},"product_brand":[],"product_cat":[15],"product_tag":[],"class_list":{"0":"post-292045","1":"product","2":"type-product","3":"status-publish","4":"has-post-thumbnail","6":"product_cat-okategoriserad","7":"atta45_taxonomy-tema-inspiration-ogonblick-arbete-pagar-sv","8":"atta45_taxonomy-tema-inspiration-sv","9":"atta45_taxonomy-reflexer-verktyg-sakerhet-verktyg-sv","11":"first","12":"instock","13":"taxable","14":"shipping-taxable","15":"purchasable","16":"product-type-variable"},"acf":[],"_links":{"self":[{"href":"https:\/\/www.atta45.se\/e-butik\/wp-json\/wp\/v2\/product\/292045","targetHints":{"allow":["GET"]}}],"collection":[{"href":"https:\/\/www.atta45.se\/e-butik\/wp-json\/wp\/v2\/product"}],"about":[{"href":"https:\/\/www.atta45.se\/e-butik\/wp-json\/wp\/v2\/types\/product"}],"wp:featuredmedia":[{"embeddable":true,"href":"https:\/\/www.atta45.se\/e-butik\/wp-json\/wp\/v2\/media\/292046"}],"wp:attachment":[{"href":"https:\/\/www.atta45.se\/e-butik\/wp-json\/wp\/v2\/media?parent=292045"}],"wp:term":[{"taxonomy":"product_brand","embeddable":true,"href":"https:\/\/www.atta45.se\/e-butik\/wp-json\/wp\/v2\/product_brand?post=292045"},{"taxonomy":"product_cat","embeddable":true,"href":"https:\/\/www.atta45.se\/e-butik\/wp-json\/wp\/v2\/product_cat?post=292045"},{"taxonomy":"product_tag","embeddable":true,"href":"https:\/\/www.atta45.se\/e-butik\/wp-json\/wp\/v2\/product_tag?post=292045"}],"curies":[{"name":"wp","href":"https:\/\/api.w.org\/{rel}","templated":true}]}}