{"id":291997,"date":"2025-01-01T17:09:33","date_gmt":"2025-01-01T16:09:33","guid":{"rendered":"https:\/\/www.atta45.se\/e-butik\/produkt\/dynamo-led-ficklampa\/"},"modified":"2025-10-27T23:06:00","modified_gmt":"2025-10-27T22:06:00","slug":"dynamo-led-ficklampa","status":"publish","type":"product","link":"https:\/\/www.atta45.se\/e-butik\/produkt\/dynamo-led-ficklampa\/","title":{"rendered":"Dynamo LED ficklampa, Tristan"},"content":{"rendered":"<p>LED ficklampa med 2 dioder som med handkraft laddar upp de inbyggda batterierna. En bra l\u00f6sning som g\u00f6r att du slipper leta efter fr\u00e4scha batterier n\u00e4r du som b\u00e4st beh\u00f6ver ljus. Bra milj\u00f6val.<\/p>\n","protected":false},"excerpt":{"rendered":"<p>LED ficklampa med 2 dioder som med handkraft laddar upp de inbyggda batterierna. En bra l\u00f6sning som g\u00f6r att du slipper leta efter fr\u00e4scha batterier n\u00e4r du som b\u00e4st beh\u00f6ver ljus. Bra milj\u00f6val.<\/p>\n","protected":false},"featured_media":291998,"template":"","meta":{"_acf_changed":false,"_seopress_robots_primary_cat":"","_seopress_titles_title":"","_seopress_titles_desc":"","_seopress_robots_index":""},"product_brand":[],"product_cat":[15],"product_tag":[],"class_list":{"0":"post-291997","1":"product","2":"type-product","3":"status-publish","4":"has-post-thumbnail","6":"product_cat-okategoriserad","7":"atta45_taxonomy-reflexer-verktyg-sakerhet-cykeltillbehor-sv","8":"atta45_taxonomy-tema-inspiration-ogonblick-en-gron-planet-sv","9":"atta45_taxonomy-tema-inspiration-grona-intryck-sv","10":"atta45_taxonomy-tema-inspiration-utvalda-produkter-snabbleverans-sv","11":"atta45_taxonomy-tema-inspiration-sv","13":"first","14":"instock","15":"taxable","16":"shipping-taxable","17":"purchasable","18":"product-type-variable"},"acf":[],"_links":{"self":[{"href":"https:\/\/www.atta45.se\/e-butik\/wp-json\/wp\/v2\/product\/291997","targetHints":{"allow":["GET"]}}],"collection":[{"href":"https:\/\/www.atta45.se\/e-butik\/wp-json\/wp\/v2\/product"}],"about":[{"href":"https:\/\/www.atta45.se\/e-butik\/wp-json\/wp\/v2\/types\/product"}],"wp:featuredmedia":[{"embeddable":true,"href":"https:\/\/www.atta45.se\/e-butik\/wp-json\/wp\/v2\/media\/291998"}],"wp:attachment":[{"href":"https:\/\/www.atta45.se\/e-butik\/wp-json\/wp\/v2\/media?parent=291997"}],"wp:term":[{"taxonomy":"product_brand","embeddable":true,"href":"https:\/\/www.atta45.se\/e-butik\/wp-json\/wp\/v2\/product_brand?post=291997"},{"taxonomy":"product_cat","embeddable":true,"href":"https:\/\/www.atta45.se\/e-butik\/wp-json\/wp\/v2\/product_cat?post=291997"},{"taxonomy":"product_tag","embeddable":true,"href":"https:\/\/www.atta45.se\/e-butik\/wp-json\/wp\/v2\/product_tag?post=291997"}],"curies":[{"name":"wp","href":"https:\/\/api.w.org\/{rel}","templated":true}]}}