{"id":291943,"date":"2025-01-01T17:06:36","date_gmt":"2025-01-01T16:06:36","guid":{"rendered":"https:\/\/www.atta45.se\/e-butik\/produkt\/set-med-skruvmejslar-i-abs-och-metall\/"},"modified":"2025-10-27T23:00:22","modified_gmt":"2025-10-27T22:00:22","slug":"set-med-skruvmejslar-i-abs-och-metall","status":"publish","type":"product","link":"https:\/\/www.atta45.se\/e-butik\/produkt\/set-med-skruvmejslar-i-abs-och-metall\/","title":{"rendered":"Skruvmejselset med 24bits, Arthur"},"content":{"rendered":"<p>ABS och metall-skruvmejsel set med 24 bits. Mejselhandtaget har en magnet som h\u00e5ller bitsen p\u00e5 plats och g\u00f6r det enkelt att byta en bits mot en annan. Med ett tryck p\u00e5 \u00e4nden kommer brickan med bitar ur fodralet.<\/p>\n","protected":false},"excerpt":{"rendered":"<p>ABS och metall-skruvmejsel set med 24 bits. Mejselhandtaget har en magnet som h\u00e5ller bitsen p\u00e5 plats och g\u00f6r det enkelt att byta en bits mot en annan. Med ett tryck p\u00e5 \u00e4nden kommer brickan med bitar ur fodralet.<\/p>\n","protected":false},"featured_media":291944,"template":"","meta":{"_acf_changed":false,"_seopress_robots_primary_cat":"","_seopress_titles_title":"","_seopress_titles_desc":"","_seopress_robots_index":""},"product_brand":[],"product_cat":[15],"product_tag":[],"class_list":{"0":"post-291943","1":"product","2":"type-product","3":"status-publish","4":"has-post-thumbnail","6":"product_cat-okategoriserad","7":"atta45_taxonomy-tema-inspiration-speciella-trycktekniker-name-it-sv","8":"atta45_taxonomy-reflexer-verktyg-sakerhet-multiverktyg-sv","9":"atta45_taxonomy-reflexer-verktyg-sakerhet-verktyg-sv","11":"first","12":"instock","13":"taxable","14":"shipping-taxable","15":"purchasable","16":"product-type-variable"},"acf":[],"_links":{"self":[{"href":"https:\/\/www.atta45.se\/e-butik\/wp-json\/wp\/v2\/product\/291943","targetHints":{"allow":["GET"]}}],"collection":[{"href":"https:\/\/www.atta45.se\/e-butik\/wp-json\/wp\/v2\/product"}],"about":[{"href":"https:\/\/www.atta45.se\/e-butik\/wp-json\/wp\/v2\/types\/product"}],"wp:featuredmedia":[{"embeddable":true,"href":"https:\/\/www.atta45.se\/e-butik\/wp-json\/wp\/v2\/media\/291944"}],"wp:attachment":[{"href":"https:\/\/www.atta45.se\/e-butik\/wp-json\/wp\/v2\/media?parent=291943"}],"wp:term":[{"taxonomy":"product_brand","embeddable":true,"href":"https:\/\/www.atta45.se\/e-butik\/wp-json\/wp\/v2\/product_brand?post=291943"},{"taxonomy":"product_cat","embeddable":true,"href":"https:\/\/www.atta45.se\/e-butik\/wp-json\/wp\/v2\/product_cat?post=291943"},{"taxonomy":"product_tag","embeddable":true,"href":"https:\/\/www.atta45.se\/e-butik\/wp-json\/wp\/v2\/product_tag?post=291943"}],"curies":[{"name":"wp","href":"https:\/\/api.w.org\/{rel}","templated":true}]}}