{"id":291933,"date":"2025-01-01T17:05:53","date_gmt":"2025-01-01T16:05:53","guid":{"rendered":"https:\/\/www.atta45.se\/e-butik\/produkt\/munskydd-flergangs\/"},"modified":"2025-10-27T22:58:36","modified_gmt":"2025-10-27T21:58:36","slug":"munskydd-flergangs","status":"publish","type":"product","link":"https:\/\/www.atta45.se\/e-butik\/produkt\/munskydd-flergangs\/","title":{"rendered":"Munskydd, i bomull, \u00e5teranv\u00e4ndbar,  Riyan"},"content":{"rendered":"<p>Munnskydd i bomull, \u00e5teranv\u00e4ndningsbart. Masken har n\u00e4sclip och formad f\u00f6r komfort. Masken har sju lager (5-lagersfilter med sm\u00e5ltbl\u00e5st SSMMS-filter) och har en bakteriefiltrering p\u00e5 95 %. L\u00e4mplig f\u00f6r handtv\u00e4tt. Icke-medicinsk.<\/p>\n","protected":false},"excerpt":{"rendered":"<p>Munnskydd i bomull, \u00e5teranv\u00e4ndningsbart. Masken har n\u00e4sclip och formad f\u00f6r komfort. Masken har sju lager (5-lagersfilter med sm\u00e5ltbl\u00e5st SSMMS-filter) och har en bakteriefiltrering p\u00e5 95 %. L\u00e4mplig f\u00f6r handtv\u00e4tt. Icke-medicinsk.<\/p>\n","protected":false},"featured_media":70373,"template":"","meta":{"_acf_changed":false,"_seopress_robots_primary_cat":"","_seopress_titles_title":"","_seopress_titles_desc":"","_seopress_robots_index":""},"product_brand":[],"product_cat":[15],"product_tag":[],"class_list":{"0":"post-291933","1":"product","2":"type-product","3":"status-publish","4":"has-post-thumbnail","6":"product_cat-okategoriserad","7":"atta45_taxonomy-tema-inspiration-branscher-sv","8":"atta45_taxonomy-halsa-sakerhet-sv","9":"atta45_taxonomy-hem-hushall-sv","10":"atta45_taxonomy-outlet-sv","11":"atta45_taxonomy-tema-inspiration-utvalda-produkter-outlet-sv","12":"atta45_taxonomy-tema-inspiration-branscher-sjukvard-sv","13":"atta45_taxonomy-reflexer-verktyg-sakerhet-sjukvardstillbehor-sv","14":"atta45_taxonomy-tema-inspiration-sv","16":"first","17":"instock","18":"taxable","19":"shipping-taxable","20":"purchasable","21":"product-type-variable"},"acf":[],"_links":{"self":[{"href":"https:\/\/www.atta45.se\/e-butik\/wp-json\/wp\/v2\/product\/291933","targetHints":{"allow":["GET"]}}],"collection":[{"href":"https:\/\/www.atta45.se\/e-butik\/wp-json\/wp\/v2\/product"}],"about":[{"href":"https:\/\/www.atta45.se\/e-butik\/wp-json\/wp\/v2\/types\/product"}],"wp:featuredmedia":[{"embeddable":true,"href":"https:\/\/www.atta45.se\/e-butik\/wp-json\/wp\/v2\/media\/70373"}],"wp:attachment":[{"href":"https:\/\/www.atta45.se\/e-butik\/wp-json\/wp\/v2\/media?parent=291933"}],"wp:term":[{"taxonomy":"product_brand","embeddable":true,"href":"https:\/\/www.atta45.se\/e-butik\/wp-json\/wp\/v2\/product_brand?post=291933"},{"taxonomy":"product_cat","embeddable":true,"href":"https:\/\/www.atta45.se\/e-butik\/wp-json\/wp\/v2\/product_cat?post=291933"},{"taxonomy":"product_tag","embeddable":true,"href":"https:\/\/www.atta45.se\/e-butik\/wp-json\/wp\/v2\/product_tag?post=291933"}],"curies":[{"name":"wp","href":"https:\/\/api.w.org\/{rel}","templated":true}]}}