{"id":291913,"date":"2025-01-01T17:03:50","date_gmt":"2025-01-01T16:03:50","guid":{"rendered":"https:\/\/www.atta45.se\/e-butik\/produkt\/abs-laddare-powerbank-med-li-ion-batteri-nia\/"},"modified":"2025-10-27T22:56:46","modified_gmt":"2025-10-27T21:56:46","slug":"abs-laddare-powerbank-med-li-ion-batteri-nia","status":"publish","type":"product","link":"https:\/\/www.atta45.se\/e-butik\/produkt\/abs-laddare-powerbank-med-li-ion-batteri-nia\/","title":{"rendered":"Powerbank, ABS, med Li-ion batteri, Nia"},"content":{"rendered":"<p>Extra batteri\/laddare ABS med inbyggt Li-ion batteri, kapacitet p\u00e5 2200 mAh, en ing\u00e5ng p\u00e5 5V \/ 1000 mA, och en utg\u00e5ng p\u00e5 5V \/ 100 mAh. Inneh\u00e5ller ett USB \/ Micro USB-kabel, passar de flesta mobiltelefoner, tabletter, digitalkameror , b\u00e4rbara tv-spel, GPS,<\/p>\n","protected":false},"excerpt":{"rendered":"<p>Extra batteri\/laddare ABS med inbyggt Li-ion batteri, kapacitet p\u00e5 2200 mAh, en ing\u00e5ng p\u00e5 5V \/ 1000 mA, och en utg\u00e5ng p\u00e5 5V \/ 100 mAh. Inneh\u00e5ller ett USB \/ Micro USB-kabel, passar de flesta mobiltelefoner, tabletter, digitalkameror , b\u00e4rbara tv-spel, GPS,<\/p>\n","protected":false},"featured_media":28460,"template":"","meta":{"_acf_changed":false,"_seopress_robots_primary_cat":"","_seopress_titles_title":"","_seopress_titles_desc":"","_seopress_robots_index":""},"product_brand":[],"product_cat":[15],"product_tag":[],"class_list":{"0":"post-291913","1":"product","2":"type-product","3":"status-publish","4":"has-post-thumbnail","6":"product_cat-okategoriserad","7":"atta45_taxonomy-tema-inspiration-branscher-sv","8":"atta45_taxonomy-elektronik-kontor-sv","9":"atta45_taxonomy-tema-inspiration-ogonblick-fargglad-lycka-sv","10":"atta45_taxonomy-outlet-sv","11":"atta45_taxonomy-tema-inspiration-utvalda-produkter-outlet-sv","12":"atta45_taxonomy-elektronik-kontor-powerbank-speakers-sv","13":"atta45_taxonomy-tema-inspiration-sv","14":"atta45_taxonomy-tema-inspiration-branscher-utbildning-sv","16":"first","17":"instock","18":"taxable","19":"shipping-taxable","20":"purchasable","21":"product-type-variable"},"acf":[],"_links":{"self":[{"href":"https:\/\/www.atta45.se\/e-butik\/wp-json\/wp\/v2\/product\/291913","targetHints":{"allow":["GET"]}}],"collection":[{"href":"https:\/\/www.atta45.se\/e-butik\/wp-json\/wp\/v2\/product"}],"about":[{"href":"https:\/\/www.atta45.se\/e-butik\/wp-json\/wp\/v2\/types\/product"}],"wp:featuredmedia":[{"embeddable":true,"href":"https:\/\/www.atta45.se\/e-butik\/wp-json\/wp\/v2\/media\/28460"}],"wp:attachment":[{"href":"https:\/\/www.atta45.se\/e-butik\/wp-json\/wp\/v2\/media?parent=291913"}],"wp:term":[{"taxonomy":"product_brand","embeddable":true,"href":"https:\/\/www.atta45.se\/e-butik\/wp-json\/wp\/v2\/product_brand?post=291913"},{"taxonomy":"product_cat","embeddable":true,"href":"https:\/\/www.atta45.se\/e-butik\/wp-json\/wp\/v2\/product_cat?post=291913"},{"taxonomy":"product_tag","embeddable":true,"href":"https:\/\/www.atta45.se\/e-butik\/wp-json\/wp\/v2\/product_tag?post=291913"}],"curies":[{"name":"wp","href":"https:\/\/api.w.org\/{rel}","templated":true}]}}