{"id":291869,"date":"2025-01-01T16:58:56","date_gmt":"2025-01-01T15:58:56","guid":{"rendered":"https:\/\/www.atta45.se\/e-butik\/produkt\/verktygsset-i-26-delar\/"},"modified":"2025-10-27T22:40:35","modified_gmt":"2025-10-27T21:40:35","slug":"verktygsset-i-26-delar","status":"publish","type":"product","link":"https:\/\/www.atta45.se\/e-butik\/produkt\/verktygsset-i-26-delar\/","title":{"rendered":"Verktygsset, 26 delar, Alisha"},"content":{"rendered":"<p>Verktygsset i 26 delar i en f\u00f6rvaringsask av metall med dragkedja. Allt som man beh\u00f6ver f\u00f6r de sm\u00e5 jobben.<\/p>\n","protected":false},"excerpt":{"rendered":"<p>Verktygsset i 26 delar i en f\u00f6rvaringsask av metall med dragkedja. Allt som man beh\u00f6ver f\u00f6r de sm\u00e5 jobben.<\/p>\n","protected":false},"featured_media":291870,"template":"","meta":{"_acf_changed":false,"_seopress_robots_primary_cat":"","_seopress_titles_title":"","_seopress_titles_desc":"","_seopress_robots_index":""},"product_brand":[],"product_cat":[15],"product_tag":[],"class_list":{"0":"post-291869","1":"product","2":"type-product","3":"status-publish","4":"has-post-thumbnail","6":"product_cat-okategoriserad","7":"atta45_taxonomy-tema-inspiration-ogonblick-arbete-pagar-sv","8":"atta45_taxonomy-reflexer-verktyg-sakerhet-multiverktyg-sv","9":"atta45_taxonomy-tema-inspiration-sv","10":"atta45_taxonomy-reflexer-verktyg-sakerhet-verktyg-sv","12":"first","13":"instock","14":"taxable","15":"shipping-taxable","16":"purchasable","17":"product-type-variable"},"acf":[],"_links":{"self":[{"href":"https:\/\/www.atta45.se\/e-butik\/wp-json\/wp\/v2\/product\/291869","targetHints":{"allow":["GET"]}}],"collection":[{"href":"https:\/\/www.atta45.se\/e-butik\/wp-json\/wp\/v2\/product"}],"about":[{"href":"https:\/\/www.atta45.se\/e-butik\/wp-json\/wp\/v2\/types\/product"}],"wp:featuredmedia":[{"embeddable":true,"href":"https:\/\/www.atta45.se\/e-butik\/wp-json\/wp\/v2\/media\/291870"}],"wp:attachment":[{"href":"https:\/\/www.atta45.se\/e-butik\/wp-json\/wp\/v2\/media?parent=291869"}],"wp:term":[{"taxonomy":"product_brand","embeddable":true,"href":"https:\/\/www.atta45.se\/e-butik\/wp-json\/wp\/v2\/product_brand?post=291869"},{"taxonomy":"product_cat","embeddable":true,"href":"https:\/\/www.atta45.se\/e-butik\/wp-json\/wp\/v2\/product_cat?post=291869"},{"taxonomy":"product_tag","embeddable":true,"href":"https:\/\/www.atta45.se\/e-butik\/wp-json\/wp\/v2\/product_tag?post=291869"}],"curies":[{"name":"wp","href":"https:\/\/api.w.org\/{rel}","templated":true}]}}