{"id":291795,"date":"2025-01-01T16:54:35","date_gmt":"2025-01-01T15:54:35","guid":{"rendered":"https:\/\/www.atta45.se\/e-butik\/produkt\/skruvmejselset-med-led-ljus\/"},"modified":"2025-10-27T22:29:15","modified_gmt":"2025-10-27T21:29:15","slug":"skruvmejselset-med-led-ljus","status":"publish","type":"product","link":"https:\/\/www.atta45.se\/e-butik\/produkt\/skruvmejselset-med-led-ljus\/","title":{"rendered":"Skruvmejselset i aluminium med LED-ljus, Paquita"},"content":{"rendered":"<p>Skruvmejselset av metall i form av en penna. LED-ljus i spetsen g\u00f6r det l\u00e4ttare att se. 3 sp\u00e5rbits och 3 stj\u00e4rnbits (philipsbits) totalt 6 bits. Batterier ing\u00e5r.<\/p>\n","protected":false},"excerpt":{"rendered":"<p>Skruvmejselset av metall i form av en penna. LED-ljus i spetsen g\u00f6r det l\u00e4ttare att se. 3 sp\u00e5rbits och 3 stj\u00e4rnbits (philipsbits) totalt 6 bits. Batterier ing\u00e5r.<\/p>\n","protected":false},"featured_media":291796,"template":"","meta":{"_acf_changed":false,"_seopress_robots_primary_cat":"","_seopress_titles_title":"","_seopress_titles_desc":"","_seopress_robots_index":""},"product_brand":[],"product_cat":[15],"product_tag":[],"class_list":{"0":"post-291795","1":"product","2":"type-product","3":"status-publish","4":"has-post-thumbnail","6":"product_cat-okategoriserad","7":"atta45_taxonomy-tema-inspiration-ogonblick-arbete-pagar-sv","8":"atta45_taxonomy-tema-inspiration-branscher-sv","9":"atta45_taxonomy-tema-inspiration-branscher-konstruktion-sv","10":"atta45_taxonomy-tema-inspiration-sv","11":"atta45_taxonomy-reflexer-verktyg-sakerhet-verktyg-sv","13":"first","14":"instock","15":"taxable","16":"shipping-taxable","17":"purchasable","18":"product-type-variable"},"acf":[],"_links":{"self":[{"href":"https:\/\/www.atta45.se\/e-butik\/wp-json\/wp\/v2\/product\/291795","targetHints":{"allow":["GET"]}}],"collection":[{"href":"https:\/\/www.atta45.se\/e-butik\/wp-json\/wp\/v2\/product"}],"about":[{"href":"https:\/\/www.atta45.se\/e-butik\/wp-json\/wp\/v2\/types\/product"}],"wp:featuredmedia":[{"embeddable":true,"href":"https:\/\/www.atta45.se\/e-butik\/wp-json\/wp\/v2\/media\/291796"}],"wp:attachment":[{"href":"https:\/\/www.atta45.se\/e-butik\/wp-json\/wp\/v2\/media?parent=291795"}],"wp:term":[{"taxonomy":"product_brand","embeddable":true,"href":"https:\/\/www.atta45.se\/e-butik\/wp-json\/wp\/v2\/product_brand?post=291795"},{"taxonomy":"product_cat","embeddable":true,"href":"https:\/\/www.atta45.se\/e-butik\/wp-json\/wp\/v2\/product_cat?post=291795"},{"taxonomy":"product_tag","embeddable":true,"href":"https:\/\/www.atta45.se\/e-butik\/wp-json\/wp\/v2\/product_tag?post=291795"}],"curies":[{"name":"wp","href":"https:\/\/api.w.org\/{rel}","templated":true}]}}