{"id":291781,"date":"2025-01-01T16:53:19","date_gmt":"2025-01-01T15:53:19","guid":{"rendered":"https:\/\/www.atta45.se\/e-butik\/produkt\/picknick-ryggsack-for-4-personer\/"},"modified":"2025-10-27T22:20:39","modified_gmt":"2025-10-27T21:20:39","slug":"picknick-ryggsack-for-4-personer","status":"publish","type":"product","link":"https:\/\/www.atta45.se\/e-butik\/produkt\/picknick-ryggsack-for-4-personer\/","title":{"rendered":"Picknick ryggs\u00e4ck f\u00f6r 4 personer, Neo"},"content":{"rendered":"<p>Picknick ryggs\u00e4ck i polyester (600d) med kyldel och servis f\u00f6r 4 personer. Totalt 25 delar.<\/p>\n","protected":false},"excerpt":{"rendered":"<p>Picknick ryggs\u00e4ck i polyester (600d) med kyldel och servis f\u00f6r 4 personer. Totalt 25 delar.<\/p>\n","protected":false},"featured_media":35173,"template":"","meta":{"_acf_changed":false,"_seopress_robots_primary_cat":"","_seopress_titles_title":"","_seopress_titles_desc":"","_seopress_robots_index":""},"product_brand":[],"product_cat":[15],"product_tag":[],"class_list":{"0":"post-291781","1":"product","2":"type-product","3":"status-publish","4":"has-post-thumbnail","6":"product_cat-okategoriserad","7":"atta45_taxonomy-fritid-sv","8":"atta45_taxonomy-tema-inspiration-utvalda-produkter-outlet-sv","9":"atta45_taxonomy-outlet-sv","10":"atta45_taxonomy-fritid-picknickset-sv","11":"atta45_taxonomy-tema-inspiration-sasong-sv","12":"atta45_taxonomy-tema-inspiration-sasong-sommar-sv","13":"atta45_taxonomy-tema-inspiration-ogonblick-sommargladje-sv","14":"atta45_taxonomy-tema-inspiration-sv","15":"atta45_taxonomy-tema-inspiration-sasong-var-sv","16":"atta45_taxonomy-vaskor-resetillbehor-sv","18":"first","19":"instock","20":"taxable","21":"shipping-taxable","22":"purchasable","23":"product-type-variable"},"acf":[],"_links":{"self":[{"href":"https:\/\/www.atta45.se\/e-butik\/wp-json\/wp\/v2\/product\/291781","targetHints":{"allow":["GET"]}}],"collection":[{"href":"https:\/\/www.atta45.se\/e-butik\/wp-json\/wp\/v2\/product"}],"about":[{"href":"https:\/\/www.atta45.se\/e-butik\/wp-json\/wp\/v2\/types\/product"}],"wp:featuredmedia":[{"embeddable":true,"href":"https:\/\/www.atta45.se\/e-butik\/wp-json\/wp\/v2\/media\/35173"}],"wp:attachment":[{"href":"https:\/\/www.atta45.se\/e-butik\/wp-json\/wp\/v2\/media?parent=291781"}],"wp:term":[{"taxonomy":"product_brand","embeddable":true,"href":"https:\/\/www.atta45.se\/e-butik\/wp-json\/wp\/v2\/product_brand?post=291781"},{"taxonomy":"product_cat","embeddable":true,"href":"https:\/\/www.atta45.se\/e-butik\/wp-json\/wp\/v2\/product_cat?post=291781"},{"taxonomy":"product_tag","embeddable":true,"href":"https:\/\/www.atta45.se\/e-butik\/wp-json\/wp\/v2\/product_tag?post=291781"}],"curies":[{"name":"wp","href":"https:\/\/api.w.org\/{rel}","templated":true}]}}