{"id":291739,"date":"2025-01-01T16:49:40","date_gmt":"2025-01-01T15:49:40","guid":{"rendered":"https:\/\/www.atta45.se\/e-butik\/produkt\/kylvaska-med-matchande-dragkedja\/"},"modified":"2025-10-27T22:07:35","modified_gmt":"2025-10-27T21:07:35","slug":"kylvaska-med-matchande-dragkedja","status":"publish","type":"product","link":"https:\/\/www.atta45.se\/e-butik\/produkt\/kylvaska-med-matchande-dragkedja\/","title":{"rendered":"Kylv\u00e4ska med matchande dragkedja"},"content":{"rendered":"<p>Kylv\u00e4ska med matchande dragkedja samt handtag i nylon p\u00e5 locket. Inneh\u00e5ller transparent lunchbox med tv\u00e5 fack (14 x 14 cm resp. 7 x 14 cm). F\u00e4rgat lock inneh\u00e5llande dolt fack med tv\u00e5 bestick, kniv och gaffel<\/p>\n","protected":false},"excerpt":{"rendered":"<p>Kylv\u00e4ska med matchande dragkedja samt handtag i nylon p\u00e5 locket. Inneh\u00e5ller transparent lunchbox med tv\u00e5 fack (14 x 14 cm resp. 7 x 14 cm). F\u00e4rgat lock inneh\u00e5llande dolt fack med tv\u00e5 bestick, kniv och gaffel<\/p>\n","protected":false},"featured_media":99960,"template":"","meta":{"_acf_changed":false,"_seopress_robots_primary_cat":"","_seopress_titles_title":"","_seopress_titles_desc":"","_seopress_robots_index":""},"product_brand":[],"product_cat":[15],"product_tag":[],"class_list":{"0":"post-291739","1":"product","2":"type-product","3":"status-publish","4":"has-post-thumbnail","6":"product_cat-okategoriserad","7":"atta45_taxonomy-outlet-sv","8":"atta45_taxonomy-tema-inspiration-utvalda-produkter-outlet-sv","9":"atta45_taxonomy-tema-inspiration-sasong-sv","10":"atta45_taxonomy-tema-inspiration-ogonblick-skoldags-sv","11":"atta45_taxonomy-tema-inspiration-sasong-sommar-sv","12":"atta45_taxonomy-tema-inspiration-sv","14":"first","15":"instock","16":"taxable","17":"shipping-taxable","18":"purchasable","19":"product-type-variable"},"acf":[],"_links":{"self":[{"href":"https:\/\/www.atta45.se\/e-butik\/wp-json\/wp\/v2\/product\/291739","targetHints":{"allow":["GET"]}}],"collection":[{"href":"https:\/\/www.atta45.se\/e-butik\/wp-json\/wp\/v2\/product"}],"about":[{"href":"https:\/\/www.atta45.se\/e-butik\/wp-json\/wp\/v2\/types\/product"}],"wp:featuredmedia":[{"embeddable":true,"href":"https:\/\/www.atta45.se\/e-butik\/wp-json\/wp\/v2\/media\/99960"}],"wp:attachment":[{"href":"https:\/\/www.atta45.se\/e-butik\/wp-json\/wp\/v2\/media?parent=291739"}],"wp:term":[{"taxonomy":"product_brand","embeddable":true,"href":"https:\/\/www.atta45.se\/e-butik\/wp-json\/wp\/v2\/product_brand?post=291739"},{"taxonomy":"product_cat","embeddable":true,"href":"https:\/\/www.atta45.se\/e-butik\/wp-json\/wp\/v2\/product_cat?post=291739"},{"taxonomy":"product_tag","embeddable":true,"href":"https:\/\/www.atta45.se\/e-butik\/wp-json\/wp\/v2\/product_tag?post=291739"}],"curies":[{"name":"wp","href":"https:\/\/api.w.org\/{rel}","templated":true}]}}