{"id":291713,"date":"2025-01-01T16:48:40","date_gmt":"2025-01-01T15:48:40","guid":{"rendered":"https:\/\/www.atta45.se\/e-butik\/produkt\/hopvikbar-vaska-80-gr-m2-och-organisator-for-bilen\/"},"modified":"2025-10-27T22:06:47","modified_gmt":"2025-10-27T21:06:47","slug":"hopvikbar-vaska-80-gr-m2-och-organisator-for-bilen","status":"publish","type":"product","link":"https:\/\/www.atta45.se\/e-butik\/produkt\/hopvikbar-vaska-80-gr-m2-och-organisator-for-bilen\/","title":{"rendered":"Hopvikbar v\u00e4ska (80 gr\/m2) och organisat\u00f6r f\u00f6r bilen"},"content":{"rendered":"<p>Hopvikbar v\u00e4ska, fr\u00e4mst avsedd f\u00f6r att organisera alla sm\u00e5saker som \u00e5ker runt i bilens bagage. I 80 gr\/m2 non-woven med tv\u00e5 l\u00e5nga b\u00e4rhandtag, handtag p\u00e5 sidorna, en liten framficka samt l\u00f6stagbar bottenplatta i kartong med matchande \u00f6verdrag.<\/p>\n","protected":false},"excerpt":{"rendered":"<p>Hopvikbar v\u00e4ska, fr\u00e4mst avsedd f\u00f6r att organisera alla sm\u00e5saker som \u00e5ker runt i bilens bagage. I 80 gr\/m2 non-woven med tv\u00e5 l\u00e5nga b\u00e4rhandtag, handtag p\u00e5 sidorna, en liten framficka samt l\u00f6stagbar bottenplatta i kartong med matchande \u00f6verdrag.<\/p>\n","protected":false},"featured_media":291714,"template":"","meta":{"_acf_changed":false,"_seopress_robots_primary_cat":"","_seopress_titles_title":"","_seopress_titles_desc":"","_seopress_robots_index":""},"product_brand":[],"product_cat":[15],"product_tag":[],"class_list":{"0":"post-291713","1":"product","2":"type-product","3":"status-publish","4":"has-post-thumbnail","6":"product_cat-okategoriserad","7":"atta45_taxonomy-reflexer-verktyg-sakerhet-biltillbehor-sv","8":"atta45_taxonomy-tema-inspiration-branscher-sv","9":"atta45_taxonomy-tema-inspiration-branscher-fordonsindustrin-sv","10":"atta45_taxonomy-tema-inspiration-ogonblick-kontorsliv-sv","11":"atta45_taxonomy-tema-inspiration-sv","13":"first","14":"instock","15":"taxable","16":"shipping-taxable","17":"purchasable","18":"product-type-variable"},"acf":[],"_links":{"self":[{"href":"https:\/\/www.atta45.se\/e-butik\/wp-json\/wp\/v2\/product\/291713","targetHints":{"allow":["GET"]}}],"collection":[{"href":"https:\/\/www.atta45.se\/e-butik\/wp-json\/wp\/v2\/product"}],"about":[{"href":"https:\/\/www.atta45.se\/e-butik\/wp-json\/wp\/v2\/types\/product"}],"wp:featuredmedia":[{"embeddable":true,"href":"https:\/\/www.atta45.se\/e-butik\/wp-json\/wp\/v2\/media\/291714"}],"wp:attachment":[{"href":"https:\/\/www.atta45.se\/e-butik\/wp-json\/wp\/v2\/media?parent=291713"}],"wp:term":[{"taxonomy":"product_brand","embeddable":true,"href":"https:\/\/www.atta45.se\/e-butik\/wp-json\/wp\/v2\/product_brand?post=291713"},{"taxonomy":"product_cat","embeddable":true,"href":"https:\/\/www.atta45.se\/e-butik\/wp-json\/wp\/v2\/product_cat?post=291713"},{"taxonomy":"product_tag","embeddable":true,"href":"https:\/\/www.atta45.se\/e-butik\/wp-json\/wp\/v2\/product_tag?post=291713"}],"curies":[{"name":"wp","href":"https:\/\/api.w.org\/{rel}","templated":true}]}}