{"id":291697,"date":"2025-01-01T16:47:56","date_gmt":"2025-01-01T15:47:56","guid":{"rendered":"https:\/\/www.atta45.se\/e-butik\/produkt\/3m-reflexer-for-cykel\/"},"modified":"2025-10-27T21:59:36","modified_gmt":"2025-10-27T20:59:36","slug":"3m-reflexer-for-cykel","status":"publish","type":"product","link":"https:\/\/www.atta45.se\/e-butik\/produkt\/3m-reflexer-for-cykel\/","title":{"rendered":"3M reflexer f\u00f6r cykel"},"content":{"rendered":"<p>3M reflexer f\u00f6r cykeln, f\u00e4st runt hjulens ekrar. Ett set inneh\u00e5ller 10 reflexer.<\/p>\n","protected":false},"excerpt":{"rendered":"<p>3M reflexer f\u00f6r cykeln, f\u00e4st runt hjulens ekrar. Ett set inneh\u00e5ller 10 reflexer.<\/p>\n","protected":false},"featured_media":291698,"template":"","meta":{"_acf_changed":false,"_seopress_robots_primary_cat":"","_seopress_titles_title":"","_seopress_titles_desc":"","_seopress_robots_index":""},"product_brand":[],"product_cat":[15],"product_tag":[],"class_list":{"0":"post-291697","1":"product","2":"type-product","3":"status-publish","4":"has-post-thumbnail","6":"product_cat-okategoriserad","7":"atta45_taxonomy-reflexer-verktyg-sakerhet-cykeltillbehor-sv","8":"atta45_taxonomy-tema-inspiration-sasong-host-sv","9":"atta45_taxonomy-tema-inspiration-ogonblick-pa-vagen-sv","10":"atta45_taxonomy-tema-inspiration-sasong-sv","11":"atta45_taxonomy-tema-inspiration-sv","12":"atta45_taxonomy-tema-inspiration-sasong-vinter-sv","14":"first","15":"instock","16":"taxable","17":"shipping-taxable","18":"purchasable","19":"product-type-variable"},"acf":[],"_links":{"self":[{"href":"https:\/\/www.atta45.se\/e-butik\/wp-json\/wp\/v2\/product\/291697","targetHints":{"allow":["GET"]}}],"collection":[{"href":"https:\/\/www.atta45.se\/e-butik\/wp-json\/wp\/v2\/product"}],"about":[{"href":"https:\/\/www.atta45.se\/e-butik\/wp-json\/wp\/v2\/types\/product"}],"wp:featuredmedia":[{"embeddable":true,"href":"https:\/\/www.atta45.se\/e-butik\/wp-json\/wp\/v2\/media\/291698"}],"wp:attachment":[{"href":"https:\/\/www.atta45.se\/e-butik\/wp-json\/wp\/v2\/media?parent=291697"}],"wp:term":[{"taxonomy":"product_brand","embeddable":true,"href":"https:\/\/www.atta45.se\/e-butik\/wp-json\/wp\/v2\/product_brand?post=291697"},{"taxonomy":"product_cat","embeddable":true,"href":"https:\/\/www.atta45.se\/e-butik\/wp-json\/wp\/v2\/product_cat?post=291697"},{"taxonomy":"product_tag","embeddable":true,"href":"https:\/\/www.atta45.se\/e-butik\/wp-json\/wp\/v2\/product_tag?post=291697"}],"curies":[{"name":"wp","href":"https:\/\/api.w.org\/{rel}","templated":true}]}}