{"id":291685,"date":"2025-01-01T16:46:00","date_gmt":"2025-01-01T15:46:00","guid":{"rendered":"https:\/\/www.atta45.se\/e-butik\/produkt\/sparkle\/"},"modified":"2025-10-27T19:16:37","modified_gmt":"2025-10-27T18:16:37","slug":"sparkle","status":"publish","type":"product","link":"https:\/\/www.atta45.se\/e-butik\/produkt\/sparkle\/","title":{"rendered":"Glas Sparkle"},"content":{"rendered":"<p>H\u00f6gt glas f\u00f6r kalla drycker. Den tjocka basen stabiliserar glaset, vilket g\u00f6r det mer ergonomiskt. Tack vare sin enkla stil och slimmade design \u00e4r det ett perfekt reklammedium f\u00f6r ditt f\u00f6retag.<\/p>\n","protected":false},"excerpt":{"rendered":"<p>H\u00f6gt glas f\u00f6r kalla drycker. Den tjocka basen stabiliserar glaset, vilket g\u00f6r det mer ergonomiskt. Tack vare sin enkla stil och slimmade design \u00e4r det ett perfekt reklammedium f\u00f6r ditt f\u00f6retag.<\/p>\n","protected":false},"featured_media":72084,"template":"","meta":{"_acf_changed":false,"_seopress_robots_primary_cat":"","_seopress_titles_title":"","_seopress_titles_desc":"","_seopress_robots_index":""},"product_brand":[],"product_cat":[15],"product_tag":[],"class_list":{"0":"post-291685","1":"product","2":"type-product","3":"status-publish","4":"has-post-thumbnail","6":"product_cat-okategoriserad","7":"atta45_taxonomy-tema-inspiration-varumarken-cupline-sv","8":"atta45_taxonomy-hem-hushall-glas-sv","9":"atta45_taxonomy-muggar-glas-sv","10":"atta45_taxonomy-nyheter-sv","12":"first","13":"instock","14":"taxable","15":"shipping-taxable","16":"purchasable","17":"product-type-variable"},"acf":[],"_links":{"self":[{"href":"https:\/\/www.atta45.se\/e-butik\/wp-json\/wp\/v2\/product\/291685","targetHints":{"allow":["GET"]}}],"collection":[{"href":"https:\/\/www.atta45.se\/e-butik\/wp-json\/wp\/v2\/product"}],"about":[{"href":"https:\/\/www.atta45.se\/e-butik\/wp-json\/wp\/v2\/types\/product"}],"wp:featuredmedia":[{"embeddable":true,"href":"https:\/\/www.atta45.se\/e-butik\/wp-json\/wp\/v2\/media\/72084"}],"wp:attachment":[{"href":"https:\/\/www.atta45.se\/e-butik\/wp-json\/wp\/v2\/media?parent=291685"}],"wp:term":[{"taxonomy":"product_brand","embeddable":true,"href":"https:\/\/www.atta45.se\/e-butik\/wp-json\/wp\/v2\/product_brand?post=291685"},{"taxonomy":"product_cat","embeddable":true,"href":"https:\/\/www.atta45.se\/e-butik\/wp-json\/wp\/v2\/product_cat?post=291685"},{"taxonomy":"product_tag","embeddable":true,"href":"https:\/\/www.atta45.se\/e-butik\/wp-json\/wp\/v2\/product_tag?post=291685"}],"curies":[{"name":"wp","href":"https:\/\/api.w.org\/{rel}","templated":true}]}}