{"id":29147,"date":"2024-12-26T16:40:40","date_gmt":"2024-12-26T15:40:40","guid":{"rendered":"https:\/\/www.atta45.se\/e-butik\/?post_type=product&#038;p=29147"},"modified":"2025-10-28T03:51:47","modified_gmt":"2025-10-28T02:51:47","slug":"powerbank-med-karbinhake","status":"publish","type":"product","link":"https:\/\/www.atta45.se\/e-butik\/produkt\/powerbank-med-karbinhake\/","title":{"rendered":"Powerbank med karbinhake"},"content":{"rendered":"<p>Cylinderformad laddare i aluminium med praktisk karbinhake. Enkel att f\u00e4sta i v\u00e4skan, p\u00e5 kl\u00e4derna eller i nyckelringen. Finns i flera fina f\u00e4rger.2600mAh. Input\/output 5V1.0A. RoHS.<\/p>\n","protected":false},"excerpt":{"rendered":"<p>Cylinderformad laddare i aluminium med praktisk karbinhake. Enkel att f\u00e4sta i v\u00e4skan, p\u00e5 kl\u00e4derna eller i nyckelringen. Finns i flera fina f\u00e4rger.2600mAh. Input\/output 5V1.0A. RoHS.<\/p>\n","protected":false},"featured_media":29148,"template":"","meta":{"_acf_changed":false,"_seopress_robots_primary_cat":"","_seopress_titles_title":"","_seopress_titles_desc":"","_seopress_robots_index":""},"product_brand":[],"product_cat":[15],"product_tag":[],"class_list":{"0":"post-29147","1":"product","2":"type-product","3":"status-publish","4":"has-post-thumbnail","6":"product_cat-okategoriserad","7":"atta45_taxonomy-mobiltillbehor-sv","8":"atta45_taxonomy-elektronik-kontor-powerbank-speakers-sv","9":"atta45_taxonomy-trading-elektronik-mobiltillbehor-powerbank-speakers-sv","11":"first","12":"instock","13":"taxable","14":"shipping-taxable","15":"purchasable","16":"product-type-variable"},"acf":[],"_links":{"self":[{"href":"https:\/\/www.atta45.se\/e-butik\/wp-json\/wp\/v2\/product\/29147","targetHints":{"allow":["GET"]}}],"collection":[{"href":"https:\/\/www.atta45.se\/e-butik\/wp-json\/wp\/v2\/product"}],"about":[{"href":"https:\/\/www.atta45.se\/e-butik\/wp-json\/wp\/v2\/types\/product"}],"wp:featuredmedia":[{"embeddable":true,"href":"https:\/\/www.atta45.se\/e-butik\/wp-json\/wp\/v2\/media\/29148"}],"wp:attachment":[{"href":"https:\/\/www.atta45.se\/e-butik\/wp-json\/wp\/v2\/media?parent=29147"}],"wp:term":[{"taxonomy":"product_brand","embeddable":true,"href":"https:\/\/www.atta45.se\/e-butik\/wp-json\/wp\/v2\/product_brand?post=29147"},{"taxonomy":"product_cat","embeddable":true,"href":"https:\/\/www.atta45.se\/e-butik\/wp-json\/wp\/v2\/product_cat?post=29147"},{"taxonomy":"product_tag","embeddable":true,"href":"https:\/\/www.atta45.se\/e-butik\/wp-json\/wp\/v2\/product_tag?post=29147"}],"curies":[{"name":"wp","href":"https:\/\/api.w.org\/{rel}","templated":true}]}}