{"id":29121,"date":"2024-12-26T16:40:27","date_gmt":"2024-12-26T15:40:27","guid":{"rendered":"https:\/\/www.atta45.se\/e-butik\/?post_type=product&#038;p=29121"},"modified":"2025-10-28T03:51:32","modified_gmt":"2025-10-28T02:51:32","slug":"powerbank-med-nyckelring","status":"publish","type":"product","link":"https:\/\/www.atta45.se\/e-butik\/produkt\/powerbank-med-nyckelring\/","title":{"rendered":"Powerbank med nyckelring"},"content":{"rendered":"<p>Laddare i fina f\u00e4rger, 2200-2600 mAh. Med nyckelring. Med indikator f\u00f6r batteri. \u00d6verladdningsskydd. Passar alla mobiler och digitala enheter med DC5V input. Input\/output 5V1.0A RoHS<\/p>\n","protected":false},"excerpt":{"rendered":"<p>Laddare i fina f\u00e4rger, 2200-2600 mAh. Med nyckelring. Med indikator f\u00f6r batteri. \u00d6verladdningsskydd. Passar alla mobiler och digitala enheter med DC5V input. Input\/output 5V1.0A RoHS<\/p>\n","protected":false},"featured_media":29122,"template":"","meta":{"_acf_changed":false,"_seopress_robots_primary_cat":"","_seopress_titles_title":"","_seopress_titles_desc":"","_seopress_robots_index":""},"product_brand":[],"product_cat":[15],"product_tag":[],"class_list":{"0":"post-29121","1":"product","2":"type-product","3":"status-publish","4":"has-post-thumbnail","6":"product_cat-okategoriserad","7":"atta45_taxonomy-mobiltillbehor-sv","8":"atta45_taxonomy-elektronik-kontor-powerbank-speakers-sv","9":"atta45_taxonomy-trading-elektronik-mobiltillbehor-powerbank-speakers-sv","11":"first","12":"instock","13":"taxable","14":"shipping-taxable","15":"purchasable","16":"product-type-variable"},"acf":[],"_links":{"self":[{"href":"https:\/\/www.atta45.se\/e-butik\/wp-json\/wp\/v2\/product\/29121","targetHints":{"allow":["GET"]}}],"collection":[{"href":"https:\/\/www.atta45.se\/e-butik\/wp-json\/wp\/v2\/product"}],"about":[{"href":"https:\/\/www.atta45.se\/e-butik\/wp-json\/wp\/v2\/types\/product"}],"wp:featuredmedia":[{"embeddable":true,"href":"https:\/\/www.atta45.se\/e-butik\/wp-json\/wp\/v2\/media\/29122"}],"wp:attachment":[{"href":"https:\/\/www.atta45.se\/e-butik\/wp-json\/wp\/v2\/media?parent=29121"}],"wp:term":[{"taxonomy":"product_brand","embeddable":true,"href":"https:\/\/www.atta45.se\/e-butik\/wp-json\/wp\/v2\/product_brand?post=29121"},{"taxonomy":"product_cat","embeddable":true,"href":"https:\/\/www.atta45.se\/e-butik\/wp-json\/wp\/v2\/product_cat?post=29121"},{"taxonomy":"product_tag","embeddable":true,"href":"https:\/\/www.atta45.se\/e-butik\/wp-json\/wp\/v2\/product_tag?post=29121"}],"curies":[{"name":"wp","href":"https:\/\/api.w.org\/{rel}","templated":true}]}}