{"id":29091,"date":"2024-12-26T16:40:14","date_gmt":"2024-12-26T15:40:14","guid":{"rendered":"https:\/\/www.atta45.se\/e-butik\/?post_type=product&#038;p=29091"},"modified":"2025-10-28T03:51:27","modified_gmt":"2025-10-28T02:51:27","slug":"powerbank-color-style","status":"publish","type":"product","link":"https:\/\/www.atta45.se\/e-butik\/produkt\/powerbank-color-style\/","title":{"rendered":"Powerbank Color Style"},"content":{"rendered":"<p>Snygg cylinderformad laddare p\u00e5 2600 mAh med clip p\u00e5 sidan. Laddningsbart Li-ion batteri av h\u00f6g kvalitet. Input\/output 5V1.0A. Finns i flera f\u00e4rger. 3-i-1-kabel ing\u00e5r. Levereras i presentask. RoHS<\/p>\n","protected":false},"excerpt":{"rendered":"<p>Snygg cylinderformad laddare p\u00e5 2600 mAh med clip p\u00e5 sidan. Laddningsbart Li-ion batteri av h\u00f6g kvalitet. Input\/output 5V1.0A. Finns i flera f\u00e4rger. 3-i-1-kabel ing\u00e5r. Levereras i presentask. RoHS<\/p>\n","protected":false},"featured_media":29092,"template":"","meta":{"_acf_changed":false,"_seopress_robots_primary_cat":"","_seopress_titles_title":"","_seopress_titles_desc":"","_seopress_robots_index":""},"product_brand":[],"product_cat":[15],"product_tag":[],"class_list":{"0":"post-29091","1":"product","2":"type-product","3":"status-publish","4":"has-post-thumbnail","6":"product_cat-okategoriserad","7":"atta45_taxonomy-mobiltillbehor-sv","8":"atta45_taxonomy-trading-elektronik-mobiltillbehor-powerbank-speakers-sv","9":"atta45_taxonomy-elektronik-kontor-powerbank-speakers-sv","11":"first","12":"instock","13":"taxable","14":"shipping-taxable","15":"purchasable","16":"product-type-variable"},"acf":[],"_links":{"self":[{"href":"https:\/\/www.atta45.se\/e-butik\/wp-json\/wp\/v2\/product\/29091","targetHints":{"allow":["GET"]}}],"collection":[{"href":"https:\/\/www.atta45.se\/e-butik\/wp-json\/wp\/v2\/product"}],"about":[{"href":"https:\/\/www.atta45.se\/e-butik\/wp-json\/wp\/v2\/types\/product"}],"wp:featuredmedia":[{"embeddable":true,"href":"https:\/\/www.atta45.se\/e-butik\/wp-json\/wp\/v2\/media\/29092"}],"wp:attachment":[{"href":"https:\/\/www.atta45.se\/e-butik\/wp-json\/wp\/v2\/media?parent=29091"}],"wp:term":[{"taxonomy":"product_brand","embeddable":true,"href":"https:\/\/www.atta45.se\/e-butik\/wp-json\/wp\/v2\/product_brand?post=29091"},{"taxonomy":"product_cat","embeddable":true,"href":"https:\/\/www.atta45.se\/e-butik\/wp-json\/wp\/v2\/product_cat?post=29091"},{"taxonomy":"product_tag","embeddable":true,"href":"https:\/\/www.atta45.se\/e-butik\/wp-json\/wp\/v2\/product_tag?post=29091"}],"curies":[{"name":"wp","href":"https:\/\/api.w.org\/{rel}","templated":true}]}}