{"id":28981,"date":"2024-12-26T16:39:21","date_gmt":"2024-12-26T15:39:21","guid":{"rendered":"https:\/\/www.atta45.se\/e-butik\/?post_type=product&#038;p=28981"},"modified":"2025-10-28T03:30:44","modified_gmt":"2025-10-28T02:30:44","slug":"multifunktionell-handvevad-nodradio","status":"publish","type":"product","link":"https:\/\/www.atta45.se\/e-butik\/produkt\/multifunktionell-handvevad-nodradio\/","title":{"rendered":"N\u00f6dradio, Multifunktionell handvevad n\u00f6dradio"},"content":{"rendered":"<p>Denna n\u00f6dradio \u00e4r en 3-i-1 multifunktionell enhet som fungerar som AM\/FM-radio, LED-belysning och b\u00e4rbar batteriladdare.<\/p>\n<p>Den kan anv\u00e4ndas i n\u00f6d- och \u00f6verlevnadssituationer f\u00f6r att lysa upp m\u00f6rka utrymmen och omr\u00e5den, ladda USB-enheter som mobiltelefoner, f\u00f6r att h\u00e5lla dig uppkopplad och str\u00f6mf\u00f6rs\u00f6rjd, tillg\u00e5ng till AM\/FM-radiofunktioner f\u00f6r musik, nyheter och mer.<\/p>\n<p>Funktioner:<br \/>&#8211; Multibandstuner med AM och FM<br \/>&#8211; 3 LED-ljusstarka ficklampa med tryckknapp<br \/>&#8211; USB-mobiltelefon, iPhone, iPad, iPod, Amazon Kindle, Smartphones &amp; MP3-laddare<br \/>&#8211; Inbyggda Ni-MH uppladdningsbara batterier (kan bytas ut av kunden)<br \/>&#8211; Stor solpanel i toppen av radion<br \/>&#8211; H\u00f6gkvalitativ dynamisk h\u00f6gtalare<\/p>\n<p>Specifikationer:<br \/>&#8211; M\u00e5tt: 130 x 50 x 60 mm<br \/>&#8211; Vikt: 0,25 kg (ca)<br \/>&#8211; Frekvensomr\u00e5de: AM: 520-1710 KHz &amp; FM: 87-108MHZ<br \/>&#8211; Arbetssp\u00e4nning: 2,7- 4,2V, signal-brusf\u00f6rh\u00e5llande: 30 (dB)LED<br \/>&#8211; Str\u00f6mk\u00e4lla: 2000 mAh\/3,6V 18650 litiumbatteri<\/p>\n<p>Inkluderar:<br \/>&#8211; 1 x Solar Handvev Sj\u00e4lvdriven LED-radio<br \/>&#8211; 1 x DC-kabel<br \/>&#8211; 1 x USB-laddningskabel<br \/>&#8211; 1 x USB-omvandlare<br \/>&#8211; 1 x Anv\u00e4ndarmanual<\/p>\n","protected":false},"excerpt":{"rendered":"<p>Denna n\u00f6dradio \u00e4r en 3-i-1 multifunktionell enhet som fungerar som AM\/FM-radio, LED-belysning och b\u00e4rbar batteriladdare. Den kan anv\u00e4ndas i n\u00f6d- och \u00f6verlevnadssituationer f\u00f6r att lysa upp m\u00f6rka utrymmen och omr\u00e5den, ladda USB-enheter som mobiltelefoner, f\u00f6r att h\u00e5lla dig uppkopplad och str\u00f6mf\u00f6rs\u00f6rjd, tillg\u00e5ng till AM\/FM-radiofunktioner f\u00f6r musik, nyheter och mer. Funktioner:&#8211; Multibandstuner med AM och FM&#8211; [&hellip;]<\/p>\n","protected":false},"featured_media":28982,"template":"","meta":{"_acf_changed":false,"_seopress_robots_primary_cat":"","_seopress_titles_title":"","_seopress_titles_desc":"","_seopress_robots_index":""},"product_brand":[],"product_cat":[15],"product_tag":[],"class_list":{"0":"post-28981","1":"product","2":"type-product","3":"status-publish","4":"has-post-thumbnail","6":"product_cat-okategoriserad","7":"atta45_taxonomy-fritid-overlevnadsprodukter-sv","8":"atta45_taxonomy-reflexer-verktyg-sakerhet-overlevnadsprodukter-sv","9":"atta45_taxonomy-elektronik-kontor-powerbank-speakers-sv","11":"first","12":"instock","13":"taxable","14":"shipping-taxable","15":"purchasable","16":"product-type-variable"},"acf":[],"_links":{"self":[{"href":"https:\/\/www.atta45.se\/e-butik\/wp-json\/wp\/v2\/product\/28981","targetHints":{"allow":["GET"]}}],"collection":[{"href":"https:\/\/www.atta45.se\/e-butik\/wp-json\/wp\/v2\/product"}],"about":[{"href":"https:\/\/www.atta45.se\/e-butik\/wp-json\/wp\/v2\/types\/product"}],"wp:featuredmedia":[{"embeddable":true,"href":"https:\/\/www.atta45.se\/e-butik\/wp-json\/wp\/v2\/media\/28982"}],"wp:attachment":[{"href":"https:\/\/www.atta45.se\/e-butik\/wp-json\/wp\/v2\/media?parent=28981"}],"wp:term":[{"taxonomy":"product_brand","embeddable":true,"href":"https:\/\/www.atta45.se\/e-butik\/wp-json\/wp\/v2\/product_brand?post=28981"},{"taxonomy":"product_cat","embeddable":true,"href":"https:\/\/www.atta45.se\/e-butik\/wp-json\/wp\/v2\/product_cat?post=28981"},{"taxonomy":"product_tag","embeddable":true,"href":"https:\/\/www.atta45.se\/e-butik\/wp-json\/wp\/v2\/product_tag?post=28981"}],"curies":[{"name":"wp","href":"https:\/\/api.w.org\/{rel}","templated":true}]}}