{"id":28825,"date":"2024-12-26T16:38:19","date_gmt":"2024-12-26T15:38:19","guid":{"rendered":"https:\/\/www.atta45.se\/e-butik\/?post_type=product&#038;p=28825"},"modified":"2025-10-27T16:02:22","modified_gmt":"2025-10-27T15:02:22","slug":"laddare-power-bank-i-abs-10-000-mah","status":"publish","type":"product","link":"https:\/\/www.atta45.se\/e-butik\/produkt\/laddare-power-bank-i-abs-10-000-mah\/","title":{"rendered":"Laddare (Power bank) i ABS, 10 000 mAh Harriette"},"content":{"rendered":"<p>Laddare\/powerbank i ABS med kapacitet p\u00e5 10 000 mAh.  Input DC 5V\/1500mA. Output DC 5V\/1000mA, 2100mA. Indikator med LED-lampa. Tv\u00e5 standard USB-utg\u00e5ngar och en micro USB-utg\u00e5ng. Kabel ing\u00e5r.<\/p>\n","protected":false},"excerpt":{"rendered":"<p>Laddare\/powerbank i ABS med kapacitet p\u00e5 10 000 mAh. Input DC 5V\/1500mA. Output DC 5V\/1000mA, 2100mA. Indikator med LED-lampa. Tv\u00e5 standard USB-utg\u00e5ngar och en micro USB-utg\u00e5ng. Kabel ing\u00e5r.<\/p>\n","protected":false},"featured_media":28826,"template":"","meta":{"_acf_changed":false,"_seopress_robots_primary_cat":"","_seopress_titles_title":"","_seopress_titles_desc":"","_seopress_robots_index":""},"product_brand":[],"product_cat":[15],"product_tag":[],"class_list":{"0":"post-28825","1":"product","2":"type-product","3":"status-publish","4":"has-post-thumbnail","6":"product_cat-okategoriserad","7":"atta45_taxonomy-elektronik-kontor-sv","8":"atta45_taxonomy-tema-inspiration-ogonblick-framtiden-ar-din-sv","9":"atta45_taxonomy-elektronik-kontor-powerbank-speakers-sv","10":"atta45_taxonomy-tema-inspiration-sv","12":"first","13":"instock","14":"taxable","15":"shipping-taxable","16":"purchasable","17":"product-type-variable"},"acf":[],"_links":{"self":[{"href":"https:\/\/www.atta45.se\/e-butik\/wp-json\/wp\/v2\/product\/28825","targetHints":{"allow":["GET"]}}],"collection":[{"href":"https:\/\/www.atta45.se\/e-butik\/wp-json\/wp\/v2\/product"}],"about":[{"href":"https:\/\/www.atta45.se\/e-butik\/wp-json\/wp\/v2\/types\/product"}],"wp:featuredmedia":[{"embeddable":true,"href":"https:\/\/www.atta45.se\/e-butik\/wp-json\/wp\/v2\/media\/28826"}],"wp:attachment":[{"href":"https:\/\/www.atta45.se\/e-butik\/wp-json\/wp\/v2\/media?parent=28825"}],"wp:term":[{"taxonomy":"product_brand","embeddable":true,"href":"https:\/\/www.atta45.se\/e-butik\/wp-json\/wp\/v2\/product_brand?post=28825"},{"taxonomy":"product_cat","embeddable":true,"href":"https:\/\/www.atta45.se\/e-butik\/wp-json\/wp\/v2\/product_cat?post=28825"},{"taxonomy":"product_tag","embeddable":true,"href":"https:\/\/www.atta45.se\/e-butik\/wp-json\/wp\/v2\/product_tag?post=28825"}],"curies":[{"name":"wp","href":"https:\/\/api.w.org\/{rel}","templated":true}]}}