{"id":28615,"date":"2024-12-26T16:36:48","date_gmt":"2024-12-26T15:36:48","guid":{"rendered":"https:\/\/www.atta45.se\/e-butik\/?post_type=product&#038;p=28615"},"modified":"2025-10-28T00:27:42","modified_gmt":"2025-10-27T23:27:42","slug":"vattentalig-hogtalare-i-abs-tradlos-jude","status":"publish","type":"product","link":"https:\/\/www.atta45.se\/e-butik\/produkt\/vattentalig-hogtalare-i-abs-tradlos-jude\/","title":{"rendered":"H\u00f6gtalare vattent\u00e5lig i ABS (tr\u00e5dl\u00f6s) Jude"},"content":{"rendered":"<p>Vattent\u00e5lig h\u00f6gtalare i plast med Bluetooth\u2122. Utm\u00e4rkt f\u00f6r att besvara samtal med handsfree eller lyssna p\u00e5 musik i duschen. Med sugkoppar f\u00f6r sl\u00e4ta underlag. Batteritid ca 2 timmar.<\/p>\n","protected":false},"excerpt":{"rendered":"<p>Vattent\u00e5lig h\u00f6gtalare i plast med Bluetooth\u2122. Utm\u00e4rkt f\u00f6r att besvara samtal med handsfree eller lyssna p\u00e5 musik i duschen. Med sugkoppar f\u00f6r sl\u00e4ta underlag. Batteritid ca 2 timmar.<\/p>\n","protected":false},"featured_media":28616,"template":"","meta":{"_acf_changed":false,"_seopress_robots_primary_cat":"","_seopress_titles_title":"","_seopress_titles_desc":"","_seopress_robots_index":""},"product_brand":[],"product_cat":[15],"product_tag":[],"class_list":{"0":"post-28615","1":"product","2":"type-product","3":"status-publish","4":"has-post-thumbnail","6":"product_cat-okategoriserad","7":"atta45_taxonomy-elektronik-kontor-sv","8":"atta45_taxonomy-tema-inspiration-ogonblick-framtiden-ar-din-sv","9":"atta45_taxonomy-elektronik-kontor-powerbank-speakers-sv","10":"atta45_taxonomy-tema-inspiration-sv","12":"first","13":"instock","14":"taxable","15":"shipping-taxable","16":"purchasable","17":"product-type-variable"},"acf":[],"_links":{"self":[{"href":"https:\/\/www.atta45.se\/e-butik\/wp-json\/wp\/v2\/product\/28615","targetHints":{"allow":["GET"]}}],"collection":[{"href":"https:\/\/www.atta45.se\/e-butik\/wp-json\/wp\/v2\/product"}],"about":[{"href":"https:\/\/www.atta45.se\/e-butik\/wp-json\/wp\/v2\/types\/product"}],"wp:featuredmedia":[{"embeddable":true,"href":"https:\/\/www.atta45.se\/e-butik\/wp-json\/wp\/v2\/media\/28616"}],"wp:attachment":[{"href":"https:\/\/www.atta45.se\/e-butik\/wp-json\/wp\/v2\/media?parent=28615"}],"wp:term":[{"taxonomy":"product_brand","embeddable":true,"href":"https:\/\/www.atta45.se\/e-butik\/wp-json\/wp\/v2\/product_brand?post=28615"},{"taxonomy":"product_cat","embeddable":true,"href":"https:\/\/www.atta45.se\/e-butik\/wp-json\/wp\/v2\/product_cat?post=28615"},{"taxonomy":"product_tag","embeddable":true,"href":"https:\/\/www.atta45.se\/e-butik\/wp-json\/wp\/v2\/product_tag?post=28615"}],"curies":[{"name":"wp","href":"https:\/\/api.w.org\/{rel}","templated":true}]}}