{"id":28533,"date":"2024-12-26T16:36:16","date_gmt":"2024-12-26T15:36:16","guid":{"rendered":"https:\/\/www.atta45.se\/e-butik\/?post_type=product&#038;p=28533"},"modified":"2025-10-27T23:56:23","modified_gmt":"2025-10-27T22:56:23","slug":"tradlos-hogtalare-i-bambu-rosalinda","status":"publish","type":"product","link":"https:\/\/www.atta45.se\/e-butik\/produkt\/tradlos-hogtalare-i-bambu-rosalinda\/","title":{"rendered":"H\u00f6gtalare tr\u00e5dl\u00f6s i bambu Rosalinda"},"content":{"rendered":"<p>Tr\u00e5dl\u00f6s h\u00f6gtalare av bambu med volymkontrollhjul och knappar f\u00f6r tillbakaspolning och snabbspolning fram\u00e5t. Tr\u00e5dl\u00f6st l\u00e4ge och MP3-l\u00e4ge. Batteri: 300mAh. Batteritid: 2,5 timmar. Inklusive laddningskabel.<\/p>\n","protected":false},"excerpt":{"rendered":"<p>Tr\u00e5dl\u00f6s h\u00f6gtalare av bambu med volymkontrollhjul och knappar f\u00f6r tillbakaspolning och snabbspolning fram\u00e5t. Tr\u00e5dl\u00f6st l\u00e4ge och MP3-l\u00e4ge. Batteri: 300mAh. Batteritid: 2,5 timmar. Inklusive laddningskabel.<\/p>\n","protected":false},"featured_media":28534,"template":"","meta":{"_acf_changed":false,"_seopress_robots_primary_cat":"","_seopress_titles_title":"","_seopress_titles_desc":"","_seopress_robots_index":""},"product_brand":[],"product_cat":[15],"product_tag":[],"class_list":{"0":"post-28533","1":"product","2":"type-product","3":"status-publish","4":"has-post-thumbnail","6":"product_cat-okategoriserad","7":"atta45_taxonomy-tema-inspiration-ogonblick-arsslut-sv","8":"atta45_taxonomy-tema-inspiration-grona-intryck-bambu-sv","9":"atta45_taxonomy-tema-inspiration-branscher-sv","10":"atta45_taxonomy-tema-inspiration-grona-intryck-eco-basic-sv","11":"atta45_taxonomy-elektronik-kontor-sv","12":"atta45_taxonomy-tema-inspiration-grona-intryck-sv","13":"atta45_taxonomy-tema-inspiration-utvalda-produkter-nyheter-sv","14":"atta45_taxonomy-nyheter-sv","15":"atta45_taxonomy-elektronik-kontor-powerbank-speakers-sv","16":"atta45_taxonomy-tema-inspiration-sv","17":"atta45_taxonomy-tema-inspiration-branscher-utbildning-sv","19":"first","20":"instock","21":"taxable","22":"shipping-taxable","23":"purchasable","24":"product-type-variable"},"acf":[],"_links":{"self":[{"href":"https:\/\/www.atta45.se\/e-butik\/wp-json\/wp\/v2\/product\/28533","targetHints":{"allow":["GET"]}}],"collection":[{"href":"https:\/\/www.atta45.se\/e-butik\/wp-json\/wp\/v2\/product"}],"about":[{"href":"https:\/\/www.atta45.se\/e-butik\/wp-json\/wp\/v2\/types\/product"}],"wp:featuredmedia":[{"embeddable":true,"href":"https:\/\/www.atta45.se\/e-butik\/wp-json\/wp\/v2\/media\/28534"}],"wp:attachment":[{"href":"https:\/\/www.atta45.se\/e-butik\/wp-json\/wp\/v2\/media?parent=28533"}],"wp:term":[{"taxonomy":"product_brand","embeddable":true,"href":"https:\/\/www.atta45.se\/e-butik\/wp-json\/wp\/v2\/product_brand?post=28533"},{"taxonomy":"product_cat","embeddable":true,"href":"https:\/\/www.atta45.se\/e-butik\/wp-json\/wp\/v2\/product_cat?post=28533"},{"taxonomy":"product_tag","embeddable":true,"href":"https:\/\/www.atta45.se\/e-butik\/wp-json\/wp\/v2\/product_tag?post=28533"}],"curies":[{"name":"wp","href":"https:\/\/api.w.org\/{rel}","templated":true}]}}