{"id":28513,"date":"2024-12-26T16:36:09","date_gmt":"2024-12-26T15:36:09","guid":{"rendered":"https:\/\/www.atta45.se\/e-butik\/?post_type=product&#038;p=28513"},"modified":"2025-10-27T23:53:25","modified_gmt":"2025-10-27T22:53:25","slug":"powerbank-i-abs-5000-mah-jerry","status":"publish","type":"product","link":"https:\/\/www.atta45.se\/e-butik\/produkt\/powerbank-i-abs-5000-mah-jerry\/","title":{"rendered":"Powerbank ABS Jerry"},"content":{"rendered":"<p>ABS Li-polymer powerbank med 5000 mAh kapacitet. Input 5V\/1A, output 1A\/2.1\/A\/5V. B\u00e5da sidor \u00e4r blanka med silverf\u00e4rgad kant. Med fem bl\u00e5 LED-indikatorer och en vit USB\/micro-USB-kabel (ca 32 cm).<\/p>\n","protected":false},"excerpt":{"rendered":"<p>ABS Li-polymer powerbank med 5000 mAh kapacitet. Input 5V\/1A, output 1A\/2.1\/A\/5V. B\u00e5da sidor \u00e4r blanka med silverf\u00e4rgad kant. Med fem bl\u00e5 LED-indikatorer och en vit USB\/micro-USB-kabel (ca 32 cm).<\/p>\n","protected":false},"featured_media":28514,"template":"","meta":{"_acf_changed":false,"_seopress_robots_primary_cat":"","_seopress_titles_title":"","_seopress_titles_desc":"","_seopress_robots_index":""},"product_brand":[],"product_cat":[15],"product_tag":[],"class_list":{"0":"post-28513","1":"product","2":"type-product","3":"status-publish","4":"has-post-thumbnail","6":"product_cat-okategoriserad","7":"atta45_taxonomy-elektronik-kontor-sv","8":"atta45_taxonomy-tema-inspiration-ogonblick-framtiden-ar-din-sv","9":"atta45_taxonomy-elektronik-kontor-powerbank-speakers-sv","10":"atta45_taxonomy-tema-inspiration-sv","12":"first","13":"instock","14":"taxable","15":"shipping-taxable","16":"purchasable","17":"product-type-variable"},"acf":[],"_links":{"self":[{"href":"https:\/\/www.atta45.se\/e-butik\/wp-json\/wp\/v2\/product\/28513","targetHints":{"allow":["GET"]}}],"collection":[{"href":"https:\/\/www.atta45.se\/e-butik\/wp-json\/wp\/v2\/product"}],"about":[{"href":"https:\/\/www.atta45.se\/e-butik\/wp-json\/wp\/v2\/types\/product"}],"wp:featuredmedia":[{"embeddable":true,"href":"https:\/\/www.atta45.se\/e-butik\/wp-json\/wp\/v2\/media\/28514"}],"wp:attachment":[{"href":"https:\/\/www.atta45.se\/e-butik\/wp-json\/wp\/v2\/media?parent=28513"}],"wp:term":[{"taxonomy":"product_brand","embeddable":true,"href":"https:\/\/www.atta45.se\/e-butik\/wp-json\/wp\/v2\/product_brand?post=28513"},{"taxonomy":"product_cat","embeddable":true,"href":"https:\/\/www.atta45.se\/e-butik\/wp-json\/wp\/v2\/product_cat?post=28513"},{"taxonomy":"product_tag","embeddable":true,"href":"https:\/\/www.atta45.se\/e-butik\/wp-json\/wp\/v2\/product_tag?post=28513"}],"curies":[{"name":"wp","href":"https:\/\/api.w.org\/{rel}","templated":true}]}}