{"id":28415,"date":"2024-12-26T16:35:28","date_gmt":"2024-12-26T15:35:28","guid":{"rendered":"https:\/\/www.atta45.se\/e-butik\/?post_type=product&#038;p=28415"},"modified":"2025-10-27T20:08:26","modified_gmt":"2025-10-27T19:08:26","slug":"ishink-av-abs-med-hogtalare-annabel","status":"publish","type":"product","link":"https:\/\/www.atta45.se\/e-butik\/produkt\/ishink-av-abs-med-hogtalare-annabel\/","title":{"rendered":"Ishink av ABS med h\u00f6gtalare Annabel"},"content":{"rendered":"<p>Ishink i ABS med h\u00f6gtalare. Lampor i botten som skiftar f\u00e4rg, tr\u00e5dl\u00f6s teknik. 1200 mAh batteri. Individuellt f\u00f6rpackad i f\u00e4rgad presentask.<\/p>\n","protected":false},"excerpt":{"rendered":"<p>Ishink i ABS med h\u00f6gtalare. Lampor i botten som skiftar f\u00e4rg, tr\u00e5dl\u00f6s teknik. 1200 mAh batteri. Individuellt f\u00f6rpackad i f\u00e4rgad presentask.<\/p>\n","protected":false},"featured_media":28416,"template":"","meta":{"_acf_changed":false,"_seopress_robots_primary_cat":"","_seopress_titles_title":"","_seopress_titles_desc":"","_seopress_robots_index":""},"product_brand":[],"product_cat":[15],"product_tag":[],"class_list":{"0":"post-28415","1":"product","2":"type-product","3":"status-publish","4":"has-post-thumbnail","6":"product_cat-okategoriserad","7":"atta45_taxonomy-elektronik-kontor-sv","8":"atta45_taxonomy-tema-inspiration-ogonblick-en-dag-i-parken-sv","9":"atta45_taxonomy-fritid-sv","10":"atta45_taxonomy-nyheter-sv","11":"atta45_taxonomy-tema-inspiration-utvalda-produkter-nyheter-sv","12":"atta45_taxonomy-fritid-picknickset-sv","13":"atta45_taxonomy-elektronik-kontor-powerbank-speakers-sv","14":"atta45_taxonomy-tema-inspiration-ogonblick-sommargladje-sv","15":"atta45_taxonomy-tema-inspiration-sv","16":"atta45_taxonomy-fritid-uppblasbart-strandartiklar-sv","18":"first","19":"instock","20":"taxable","21":"shipping-taxable","22":"purchasable","23":"product-type-variable"},"acf":[],"_links":{"self":[{"href":"https:\/\/www.atta45.se\/e-butik\/wp-json\/wp\/v2\/product\/28415","targetHints":{"allow":["GET"]}}],"collection":[{"href":"https:\/\/www.atta45.se\/e-butik\/wp-json\/wp\/v2\/product"}],"about":[{"href":"https:\/\/www.atta45.se\/e-butik\/wp-json\/wp\/v2\/types\/product"}],"wp:featuredmedia":[{"embeddable":true,"href":"https:\/\/www.atta45.se\/e-butik\/wp-json\/wp\/v2\/media\/28416"}],"wp:attachment":[{"href":"https:\/\/www.atta45.se\/e-butik\/wp-json\/wp\/v2\/media?parent=28415"}],"wp:term":[{"taxonomy":"product_brand","embeddable":true,"href":"https:\/\/www.atta45.se\/e-butik\/wp-json\/wp\/v2\/product_brand?post=28415"},{"taxonomy":"product_cat","embeddable":true,"href":"https:\/\/www.atta45.se\/e-butik\/wp-json\/wp\/v2\/product_cat?post=28415"},{"taxonomy":"product_tag","embeddable":true,"href":"https:\/\/www.atta45.se\/e-butik\/wp-json\/wp\/v2\/product_tag?post=28415"}],"curies":[{"name":"wp","href":"https:\/\/api.w.org\/{rel}","templated":true}]}}