{"id":28217,"date":"2024-12-26T16:34:06","date_gmt":"2024-12-26T15:34:06","guid":{"rendered":"https:\/\/www.atta45.se\/e-butik\/?post_type=product&#038;p=28217"},"modified":"2025-10-27T16:35:33","modified_gmt":"2025-10-27T15:35:33","slug":"kulspetspenna-av-abs-med-tre-farger-malachi","status":"publish","type":"product","link":"https:\/\/www.atta45.se\/e-butik\/produkt\/kulspetspenna-av-abs-med-tre-farger-malachi\/","title":{"rendered":"Kulspetspenna av ABS med tre f\u00e4rger Malachi"},"content":{"rendered":"<p>Kulspetspenna av ABS med tre f\u00e4rger, grepp i bambu samt gummerad topp f\u00f6r touchsk\u00e4rmar. Bl\u00e4ck i r\u00f6tt, bl\u00e5tt och svart.<\/p>\n","protected":false},"excerpt":{"rendered":"<p>Kulspetspenna av ABS med tre f\u00e4rger, grepp i bambu samt gummerad topp f\u00f6r touchsk\u00e4rmar. Bl\u00e4ck i r\u00f6tt, bl\u00e5tt och svart.<\/p>\n","protected":false},"featured_media":28218,"template":"","meta":{"_acf_changed":false,"_seopress_robots_primary_cat":"","_seopress_titles_title":"","_seopress_titles_desc":"","_seopress_robots_index":""},"product_brand":[],"product_cat":[15],"product_tag":[],"class_list":{"0":"post-28217","1":"product","2":"type-product","3":"status-publish","4":"has-post-thumbnail","6":"product_cat-okategoriserad","7":"atta45_taxonomy-tema-inspiration-grona-intryck-eco-basic-sv","8":"atta45_taxonomy-tema-inspiration-grona-intryck-sv","9":"atta45_taxonomy-pennor-pennor-sv","10":"atta45_taxonomy-pennor-sv","11":"atta45_taxonomy-elektronik-kontor-pennor-sv","12":"atta45_taxonomy-elektronik-kontor-stylus-touchscreen-sv","13":"atta45_taxonomy-pennor-stylus-touchscreen-sv","15":"first","16":"instock","17":"taxable","18":"shipping-taxable","19":"purchasable","20":"product-type-variable"},"acf":[],"_links":{"self":[{"href":"https:\/\/www.atta45.se\/e-butik\/wp-json\/wp\/v2\/product\/28217","targetHints":{"allow":["GET"]}}],"collection":[{"href":"https:\/\/www.atta45.se\/e-butik\/wp-json\/wp\/v2\/product"}],"about":[{"href":"https:\/\/www.atta45.se\/e-butik\/wp-json\/wp\/v2\/types\/product"}],"wp:featuredmedia":[{"embeddable":true,"href":"https:\/\/www.atta45.se\/e-butik\/wp-json\/wp\/v2\/media\/28218"}],"wp:attachment":[{"href":"https:\/\/www.atta45.se\/e-butik\/wp-json\/wp\/v2\/media?parent=28217"}],"wp:term":[{"taxonomy":"product_brand","embeddable":true,"href":"https:\/\/www.atta45.se\/e-butik\/wp-json\/wp\/v2\/product_brand?post=28217"},{"taxonomy":"product_cat","embeddable":true,"href":"https:\/\/www.atta45.se\/e-butik\/wp-json\/wp\/v2\/product_cat?post=28217"},{"taxonomy":"product_tag","embeddable":true,"href":"https:\/\/www.atta45.se\/e-butik\/wp-json\/wp\/v2\/product_tag?post=28217"}],"curies":[{"name":"wp","href":"https:\/\/api.w.org\/{rel}","templated":true}]}}