{"id":28173,"date":"2024-12-26T16:33:51","date_gmt":"2024-12-26T15:33:51","guid":{"rendered":"https:\/\/www.atta45.se\/e-butik\/?post_type=product&#038;p=28173"},"modified":"2025-10-27T16:29:36","modified_gmt":"2025-10-27T15:29:36","slug":"parker-sonnet-rollerball-penna-i-rostfritt-stal","status":"publish","type":"product","link":"https:\/\/www.atta45.se\/e-butik\/produkt\/parker-sonnet-rollerball-penna-i-rostfritt-stal\/","title":{"rendered":"Rollerball penna Parker Sonnet, i rostfritt st\u00e5l"},"content":{"rendered":"<p>Parker Sonnet rollerball penna i rostfritt st\u00e5l med kork. Svart bl\u00e4ck. F\u00f6rpackad i presentask.<\/p>\n","protected":false},"excerpt":{"rendered":"<p>Parker Sonnet rollerball penna i rostfritt st\u00e5l med kork. Svart bl\u00e4ck. F\u00f6rpackad i presentask.<\/p>\n","protected":false},"featured_media":28174,"template":"","meta":{"_acf_changed":false,"_seopress_robots_primary_cat":"","_seopress_titles_title":"","_seopress_titles_desc":"","_seopress_robots_index":""},"product_brand":[],"product_cat":[15],"product_tag":[],"class_list":{"0":"post-28173","1":"product","2":"type-product","3":"status-publish","4":"has-post-thumbnail","6":"product_cat-okategoriserad","7":"atta45_taxonomy-tema-inspiration-made-in-europe-andra-produkter-tillverkade-i-eu-sv","8":"atta45_taxonomy-pennor-exklusiva-pennor-sv","9":"atta45_taxonomy-tema-inspiration-made-in-europe-frankrike-sv","10":"atta45_taxonomy-tema-inspiration-speciella-trycktekniker-name-it-sv","11":"atta45_taxonomy-tema-inspiration-varumarken-parker-sv","12":"atta45_taxonomy-elektronik-kontor-pennor-sv","13":"atta45_taxonomy-pennor-sv","14":"atta45_taxonomy-pennor-pennor-sv","15":"atta45_taxonomy-tema-inspiration-varumarken-sv","17":"first","18":"instock","19":"taxable","20":"shipping-taxable","21":"purchasable","22":"product-type-variable"},"acf":[],"_links":{"self":[{"href":"https:\/\/www.atta45.se\/e-butik\/wp-json\/wp\/v2\/product\/28173","targetHints":{"allow":["GET"]}}],"collection":[{"href":"https:\/\/www.atta45.se\/e-butik\/wp-json\/wp\/v2\/product"}],"about":[{"href":"https:\/\/www.atta45.se\/e-butik\/wp-json\/wp\/v2\/types\/product"}],"wp:featuredmedia":[{"embeddable":true,"href":"https:\/\/www.atta45.se\/e-butik\/wp-json\/wp\/v2\/media\/28174"}],"wp:attachment":[{"href":"https:\/\/www.atta45.se\/e-butik\/wp-json\/wp\/v2\/media?parent=28173"}],"wp:term":[{"taxonomy":"product_brand","embeddable":true,"href":"https:\/\/www.atta45.se\/e-butik\/wp-json\/wp\/v2\/product_brand?post=28173"},{"taxonomy":"product_cat","embeddable":true,"href":"https:\/\/www.atta45.se\/e-butik\/wp-json\/wp\/v2\/product_cat?post=28173"},{"taxonomy":"product_tag","embeddable":true,"href":"https:\/\/www.atta45.se\/e-butik\/wp-json\/wp\/v2\/product_tag?post=28173"}],"curies":[{"name":"wp","href":"https:\/\/api.w.org\/{rel}","templated":true}]}}