{"id":28157,"date":"2024-12-26T16:33:44","date_gmt":"2024-12-26T15:33:44","guid":{"rendered":"https:\/\/www.atta45.se\/e-butik\/?post_type=product&#038;p=28157"},"modified":"2025-10-27T16:28:32","modified_gmt":"2025-10-27T15:28:32","slug":"parker-sonnet-kulspetspenna-i-rostfritt-stal","status":"publish","type":"product","link":"https:\/\/www.atta45.se\/e-butik\/produkt\/parker-sonnet-kulspetspenna-i-rostfritt-stal\/","title":{"rendered":"Kulspetspenna Parker Sonnet, i rostfritt st\u00e5l"},"content":{"rendered":"<p>Parker Sonnet kulspetspenna i rostfritt st\u00e5l med klickmekanism. Svart bl\u00e4ck. F\u00f6rpackad i presentf\u00f6rpackning.<\/p>\n","protected":false},"excerpt":{"rendered":"<p>Parker Sonnet kulspetspenna i rostfritt st\u00e5l med klickmekanism. Svart bl\u00e4ck. F\u00f6rpackad i presentf\u00f6rpackning.<\/p>\n","protected":false},"featured_media":28158,"template":"","meta":{"_acf_changed":false,"_seopress_robots_primary_cat":"","_seopress_titles_title":"","_seopress_titles_desc":"","_seopress_robots_index":""},"product_brand":[],"product_cat":[15],"product_tag":[],"class_list":{"0":"post-28157","1":"product","2":"type-product","3":"status-publish","4":"has-post-thumbnail","6":"product_cat-okategoriserad","7":"atta45_taxonomy-tema-inspiration-made-in-europe-andra-produkter-tillverkade-i-eu-sv","8":"atta45_taxonomy-pennor-exklusiva-pennor-sv","9":"atta45_taxonomy-tema-inspiration-made-in-europe-frankrike-sv","10":"atta45_taxonomy-tema-inspiration-speciella-trycktekniker-name-it-sv","11":"atta45_taxonomy-pennor-pennor-sv","12":"atta45_taxonomy-elektronik-kontor-pennor-sv","13":"atta45_taxonomy-pennor-sv","14":"atta45_taxonomy-tema-inspiration-varumarken-sv","16":"first","17":"instock","18":"taxable","19":"shipping-taxable","20":"purchasable","21":"product-type-variable"},"acf":[],"_links":{"self":[{"href":"https:\/\/www.atta45.se\/e-butik\/wp-json\/wp\/v2\/product\/28157","targetHints":{"allow":["GET"]}}],"collection":[{"href":"https:\/\/www.atta45.se\/e-butik\/wp-json\/wp\/v2\/product"}],"about":[{"href":"https:\/\/www.atta45.se\/e-butik\/wp-json\/wp\/v2\/types\/product"}],"wp:featuredmedia":[{"embeddable":true,"href":"https:\/\/www.atta45.se\/e-butik\/wp-json\/wp\/v2\/media\/28158"}],"wp:attachment":[{"href":"https:\/\/www.atta45.se\/e-butik\/wp-json\/wp\/v2\/media?parent=28157"}],"wp:term":[{"taxonomy":"product_brand","embeddable":true,"href":"https:\/\/www.atta45.se\/e-butik\/wp-json\/wp\/v2\/product_brand?post=28157"},{"taxonomy":"product_cat","embeddable":true,"href":"https:\/\/www.atta45.se\/e-butik\/wp-json\/wp\/v2\/product_cat?post=28157"},{"taxonomy":"product_tag","embeddable":true,"href":"https:\/\/www.atta45.se\/e-butik\/wp-json\/wp\/v2\/product_tag?post=28157"}],"curies":[{"name":"wp","href":"https:\/\/api.w.org\/{rel}","templated":true}]}}