{"id":28127,"date":"2024-12-26T16:33:32","date_gmt":"2024-12-26T15:33:32","guid":{"rendered":"https:\/\/www.atta45.se\/e-butik\/?post_type=product&#038;p=28127"},"modified":"2025-10-27T16:26:42","modified_gmt":"2025-10-27T15:26:42","slug":"parker-sonnet-rollerball-kulspetspenna","status":"publish","type":"product","link":"https:\/\/www.atta45.se\/e-butik\/produkt\/parker-sonnet-rollerball-kulspetspenna\/","title":{"rendered":"Rollerball kulspetspenna Parker Sonnet"},"content":{"rendered":"<p>Parker Sonnet kulpenna i rostfritt st\u00e5l och lackerat m\u00e4ssing med kork. Svart bl\u00e4ck. F\u00f6rpackad i presentf\u00f6rpackning.<\/p>\n","protected":false},"excerpt":{"rendered":"<p>Parker Sonnet kulpenna i rostfritt st\u00e5l och lackerat m\u00e4ssing med kork. Svart bl\u00e4ck. F\u00f6rpackad i presentf\u00f6rpackning.<\/p>\n","protected":false},"featured_media":28128,"template":"","meta":{"_acf_changed":false,"_seopress_robots_primary_cat":"","_seopress_titles_title":"","_seopress_titles_desc":"","_seopress_robots_index":""},"product_brand":[],"product_cat":[15],"product_tag":[],"class_list":{"0":"post-28127","1":"product","2":"type-product","3":"status-publish","4":"has-post-thumbnail","6":"product_cat-okategoriserad","7":"atta45_taxonomy-tema-inspiration-made-in-europe-andra-produkter-tillverkade-i-eu-sv","8":"atta45_taxonomy-pennor-exklusiva-pennor-sv","9":"atta45_taxonomy-tema-inspiration-made-in-europe-frankrike-sv","10":"atta45_taxonomy-tema-inspiration-speciella-trycktekniker-name-it-sv","11":"atta45_taxonomy-tema-inspiration-varumarken-parker-sv","12":"atta45_taxonomy-pennor-sv","13":"atta45_taxonomy-pennor-pennor-sv","14":"atta45_taxonomy-elektronik-kontor-pennor-sv","15":"atta45_taxonomy-tema-inspiration-varumarken-sv","17":"first","18":"instock","19":"taxable","20":"shipping-taxable","21":"purchasable","22":"product-type-variable"},"acf":[],"_links":{"self":[{"href":"https:\/\/www.atta45.se\/e-butik\/wp-json\/wp\/v2\/product\/28127","targetHints":{"allow":["GET"]}}],"collection":[{"href":"https:\/\/www.atta45.se\/e-butik\/wp-json\/wp\/v2\/product"}],"about":[{"href":"https:\/\/www.atta45.se\/e-butik\/wp-json\/wp\/v2\/types\/product"}],"wp:featuredmedia":[{"embeddable":true,"href":"https:\/\/www.atta45.se\/e-butik\/wp-json\/wp\/v2\/media\/28128"}],"wp:attachment":[{"href":"https:\/\/www.atta45.se\/e-butik\/wp-json\/wp\/v2\/media?parent=28127"}],"wp:term":[{"taxonomy":"product_brand","embeddable":true,"href":"https:\/\/www.atta45.se\/e-butik\/wp-json\/wp\/v2\/product_brand?post=28127"},{"taxonomy":"product_cat","embeddable":true,"href":"https:\/\/www.atta45.se\/e-butik\/wp-json\/wp\/v2\/product_cat?post=28127"},{"taxonomy":"product_tag","embeddable":true,"href":"https:\/\/www.atta45.se\/e-butik\/wp-json\/wp\/v2\/product_tag?post=28127"}],"curies":[{"name":"wp","href":"https:\/\/api.w.org\/{rel}","templated":true}]}}