{"id":28025,"date":"2024-12-26T16:32:50","date_gmt":"2024-12-26T15:32:50","guid":{"rendered":"https:\/\/www.atta45.se\/e-butik\/?post_type=product&#038;p=28025"},"modified":"2025-10-27T16:24:48","modified_gmt":"2025-10-27T15:24:48","slug":"parker-jotter-xl-kulspetspenna","status":"publish","type":"product","link":"https:\/\/www.atta45.se\/e-butik\/produkt\/parker-jotter-xl-kulspetspenna\/","title":{"rendered":"Parker Jotter XL kulspetspenna"},"content":{"rendered":"<p>Parker Jotter XL-kulpenna i rostfritt st\u00e5l med klickmekanism. Bl\u00e5tt bl\u00e4ck. XL Jotter \u00e4r l\u00e4ngre, bredare och tyngre \u00e4n originalet som personer med lite st\u00f6rre h\u00e4nder f\u00f6redrar att skriva med. F\u00f6rpackad i presentf\u00f6rpackning.<\/p>\n","protected":false},"excerpt":{"rendered":"<p>Parker Jotter XL-kulpenna i rostfritt st\u00e5l med klickmekanism. Bl\u00e5tt bl\u00e4ck. XL Jotter \u00e4r l\u00e4ngre, bredare och tyngre \u00e4n originalet som personer med lite st\u00f6rre h\u00e4nder f\u00f6redrar att skriva med. F\u00f6rpackad i presentf\u00f6rpackning.<\/p>\n","protected":false},"featured_media":28026,"template":"","meta":{"_acf_changed":false,"_seopress_robots_primary_cat":"","_seopress_titles_title":"","_seopress_titles_desc":"","_seopress_robots_index":""},"product_brand":[],"product_cat":[15],"product_tag":[],"class_list":{"0":"post-28025","1":"product","2":"type-product","3":"status-publish","4":"has-post-thumbnail","6":"product_cat-okategoriserad","7":"atta45_taxonomy-tema-inspiration-made-in-europe-andra-produkter-tillverkade-i-eu-sv","8":"atta45_taxonomy-tema-inspiration-ogonblick-arsslut-sv","9":"atta45_taxonomy-tema-inspiration-branscher-sv","10":"atta45_taxonomy-pennor-exklusiva-pennor-sv","11":"atta45_taxonomy-tema-inspiration-made-in-europe-frankrike-sv","12":"atta45_taxonomy-tema-inspiration-speciella-trycktekniker-name-it-sv","13":"atta45_taxonomy-tema-inspiration-ogonblick-sv","14":"atta45_taxonomy-tema-inspiration-varumarken-parker-sv","15":"atta45_taxonomy-elektronik-kontor-pennor-sv","16":"atta45_taxonomy-pennor-sv","17":"atta45_taxonomy-pennor-pennor-sv","18":"atta45_taxonomy-tema-inspiration-sv","19":"atta45_taxonomy-tema-inspiration-branscher-utbildning-sv","20":"atta45_taxonomy-tema-inspiration-varumarken-sv","22":"first","23":"instock","24":"taxable","25":"shipping-taxable","26":"purchasable","27":"product-type-variable"},"acf":[],"_links":{"self":[{"href":"https:\/\/www.atta45.se\/e-butik\/wp-json\/wp\/v2\/product\/28025","targetHints":{"allow":["GET"]}}],"collection":[{"href":"https:\/\/www.atta45.se\/e-butik\/wp-json\/wp\/v2\/product"}],"about":[{"href":"https:\/\/www.atta45.se\/e-butik\/wp-json\/wp\/v2\/types\/product"}],"wp:featuredmedia":[{"embeddable":true,"href":"https:\/\/www.atta45.se\/e-butik\/wp-json\/wp\/v2\/media\/28026"}],"wp:attachment":[{"href":"https:\/\/www.atta45.se\/e-butik\/wp-json\/wp\/v2\/media?parent=28025"}],"wp:term":[{"taxonomy":"product_brand","embeddable":true,"href":"https:\/\/www.atta45.se\/e-butik\/wp-json\/wp\/v2\/product_brand?post=28025"},{"taxonomy":"product_cat","embeddable":true,"href":"https:\/\/www.atta45.se\/e-butik\/wp-json\/wp\/v2\/product_cat?post=28025"},{"taxonomy":"product_tag","embeddable":true,"href":"https:\/\/www.atta45.se\/e-butik\/wp-json\/wp\/v2\/product_tag?post=28025"}],"curies":[{"name":"wp","href":"https:\/\/api.w.org\/{rel}","templated":true}]}}