{"id":27997,"date":"2024-12-26T16:32:41","date_gmt":"2024-12-26T15:32:41","guid":{"rendered":"https:\/\/www.atta45.se\/e-butik\/?post_type=product&#038;p=27997"},"modified":"2025-10-27T16:14:06","modified_gmt":"2025-10-27T15:14:06","slug":"kulspetspenna-i-aluminium-med-touchtopp-thea","status":"publish","type":"product","link":"https:\/\/www.atta45.se\/e-butik\/produkt\/kulspetspenna-i-aluminium-med-touchtopp-thea\/","title":{"rendered":"Kulspetspenna i aluminium med touchtopp Thea"},"content":{"rendered":"<p>Kulpenna av aluminium, svart bl\u00e4ck, med gummibel\u00e4ggning och gummispets f\u00f6r kapacitiva sk\u00e4rmar. F\u00f6rpackad i ett pennfodral av metall.<\/p>\n","protected":false},"excerpt":{"rendered":"<p>Kulpenna av aluminium, svart bl\u00e4ck, med gummibel\u00e4ggning och gummispets f\u00f6r kapacitiva sk\u00e4rmar. F\u00f6rpackad i ett pennfodral av metall.<\/p>\n","protected":false},"featured_media":27998,"template":"","meta":{"_acf_changed":false,"_seopress_robots_primary_cat":"","_seopress_titles_title":"","_seopress_titles_desc":"","_seopress_robots_index":""},"product_brand":[],"product_cat":[15],"product_tag":[],"class_list":{"0":"post-27997","1":"product","2":"type-product","3":"status-publish","4":"has-post-thumbnail","6":"product_cat-okategoriserad","7":"atta45_taxonomy-pennor-exklusiva-pennor-sv","8":"atta45_taxonomy-pennor-pennor-sv","9":"atta45_taxonomy-elektronik-kontor-pennor-sv","10":"atta45_taxonomy-pennor-sv","11":"atta45_taxonomy-pennor-pennset-sv","12":"atta45_taxonomy-pennor-rit-farglaggning-sv","14":"first","15":"instock","16":"taxable","17":"shipping-taxable","18":"purchasable","19":"product-type-variable"},"acf":[],"_links":{"self":[{"href":"https:\/\/www.atta45.se\/e-butik\/wp-json\/wp\/v2\/product\/27997","targetHints":{"allow":["GET"]}}],"collection":[{"href":"https:\/\/www.atta45.se\/e-butik\/wp-json\/wp\/v2\/product"}],"about":[{"href":"https:\/\/www.atta45.se\/e-butik\/wp-json\/wp\/v2\/types\/product"}],"wp:featuredmedia":[{"embeddable":true,"href":"https:\/\/www.atta45.se\/e-butik\/wp-json\/wp\/v2\/media\/27998"}],"wp:attachment":[{"href":"https:\/\/www.atta45.se\/e-butik\/wp-json\/wp\/v2\/media?parent=27997"}],"wp:term":[{"taxonomy":"product_brand","embeddable":true,"href":"https:\/\/www.atta45.se\/e-butik\/wp-json\/wp\/v2\/product_brand?post=27997"},{"taxonomy":"product_cat","embeddable":true,"href":"https:\/\/www.atta45.se\/e-butik\/wp-json\/wp\/v2\/product_cat?post=27997"},{"taxonomy":"product_tag","embeddable":true,"href":"https:\/\/www.atta45.se\/e-butik\/wp-json\/wp\/v2\/product_tag?post=27997"}],"curies":[{"name":"wp","href":"https:\/\/api.w.org\/{rel}","templated":true}]}}