{"id":27779,"date":"2024-12-26T16:31:24","date_gmt":"2024-12-26T15:31:24","guid":{"rendered":"https:\/\/www.atta45.se\/e-butik\/?post_type=product&#038;p=27779"},"modified":"2025-10-27T16:09:44","modified_gmt":"2025-10-27T15:09:44","slug":"kulspetspenna-i-bambu-4","status":"publish","type":"product","link":"https:\/\/www.atta45.se\/e-butik\/produkt\/kulspetspenna-i-bambu-4\/","title":{"rendered":"Kulspetspenna i bambu"},"content":{"rendered":"<p>Kulspetspenna i bambu och metall. F\u00f6rpackad i ask av bambu. Bl\u00e5tt bl\u00e4ck.<\/p>\n","protected":false},"excerpt":{"rendered":"<p>Kulspetspenna i bambu och metall. F\u00f6rpackad i ask av bambu. Bl\u00e5tt bl\u00e4ck.<\/p>\n","protected":false},"featured_media":27780,"template":"","meta":{"_acf_changed":false,"_seopress_robots_primary_cat":"","_seopress_titles_title":"","_seopress_titles_desc":"","_seopress_robots_index":""},"product_brand":[],"product_cat":[15],"product_tag":[],"class_list":{"0":"post-27779","1":"product","2":"type-product","3":"status-publish","4":"has-post-thumbnail","6":"product_cat-okategoriserad","7":"atta45_taxonomy-pennor-exklusiva-pennor-sv","8":"atta45_taxonomy-tema-inspiration-grona-intryck-sv","9":"atta45_taxonomy-elektronik-kontor-pennor-sv","10":"atta45_taxonomy-pennor-pennor-sv","11":"atta45_taxonomy-pennor-sv","12":"atta45_taxonomy-pennor-pennset-sv","13":"atta45_taxonomy-pennor-rit-farglaggning-sv","15":"first","16":"instock","17":"taxable","18":"shipping-taxable","19":"purchasable","20":"product-type-variable"},"acf":[],"_links":{"self":[{"href":"https:\/\/www.atta45.se\/e-butik\/wp-json\/wp\/v2\/product\/27779","targetHints":{"allow":["GET"]}}],"collection":[{"href":"https:\/\/www.atta45.se\/e-butik\/wp-json\/wp\/v2\/product"}],"about":[{"href":"https:\/\/www.atta45.se\/e-butik\/wp-json\/wp\/v2\/types\/product"}],"wp:featuredmedia":[{"embeddable":true,"href":"https:\/\/www.atta45.se\/e-butik\/wp-json\/wp\/v2\/media\/27780"}],"wp:attachment":[{"href":"https:\/\/www.atta45.se\/e-butik\/wp-json\/wp\/v2\/media?parent=27779"}],"wp:term":[{"taxonomy":"product_brand","embeddable":true,"href":"https:\/\/www.atta45.se\/e-butik\/wp-json\/wp\/v2\/product_brand?post=27779"},{"taxonomy":"product_cat","embeddable":true,"href":"https:\/\/www.atta45.se\/e-butik\/wp-json\/wp\/v2\/product_cat?post=27779"},{"taxonomy":"product_tag","embeddable":true,"href":"https:\/\/www.atta45.se\/e-butik\/wp-json\/wp\/v2\/product_tag?post=27779"}],"curies":[{"name":"wp","href":"https:\/\/api.w.org\/{rel}","templated":true}]}}