{"id":27639,"date":"2024-12-26T16:30:33","date_gmt":"2024-12-26T15:30:33","guid":{"rendered":"https:\/\/www.atta45.se\/e-butik\/?post_type=product&#038;p=27639"},"modified":"2025-10-27T15:42:55","modified_gmt":"2025-10-27T14:42:55","slug":"trekantig-overstrykningspenna-i-abs","status":"publish","type":"product","link":"https:\/\/www.atta45.se\/e-butik\/produkt\/trekantig-overstrykningspenna-i-abs\/","title":{"rendered":"\u00d6verstrykningspenna Trekantig i ABS Mica"},"content":{"rendered":"<p>Trekantig \u00f6verstrykningspenna i ABS. Varje h\u00f6rn har en penna i f\u00e4rgen rosa, orange eller gul.<\/p>\n","protected":false},"excerpt":{"rendered":"<p>Trekantig \u00f6verstrykningspenna i ABS. Varje h\u00f6rn har en penna i f\u00e4rgen rosa, orange eller gul.<\/p>\n","protected":false},"featured_media":27640,"template":"","meta":{"_acf_changed":false,"_seopress_robots_primary_cat":"","_seopress_titles_title":"","_seopress_titles_desc":"","_seopress_robots_index":""},"product_brand":[],"product_cat":[15],"product_tag":[],"class_list":{"0":"post-27639","1":"product","2":"type-product","3":"status-publish","4":"has-post-thumbnail","6":"product_cat-okategoriserad","7":"atta45_taxonomy-tema-inspiration-branscher-sv","8":"atta45_taxonomy-elektronik-kontor-sv","9":"atta45_taxonomy-tema-inspiration-ogonblick-kontorsliv-sv","10":"atta45_taxonomy-elektronik-kontor-pennor-sv","11":"atta45_taxonomy-pennor-sv","12":"atta45_taxonomy-tema-inspiration-sv","13":"atta45_taxonomy-tema-inspiration-branscher-utbildning-sv","15":"first","16":"instock","17":"taxable","18":"shipping-taxable","19":"purchasable","20":"product-type-variable"},"acf":[],"_links":{"self":[{"href":"https:\/\/www.atta45.se\/e-butik\/wp-json\/wp\/v2\/product\/27639","targetHints":{"allow":["GET"]}}],"collection":[{"href":"https:\/\/www.atta45.se\/e-butik\/wp-json\/wp\/v2\/product"}],"about":[{"href":"https:\/\/www.atta45.se\/e-butik\/wp-json\/wp\/v2\/types\/product"}],"wp:featuredmedia":[{"embeddable":true,"href":"https:\/\/www.atta45.se\/e-butik\/wp-json\/wp\/v2\/media\/27640"}],"wp:attachment":[{"href":"https:\/\/www.atta45.se\/e-butik\/wp-json\/wp\/v2\/media?parent=27639"}],"wp:term":[{"taxonomy":"product_brand","embeddable":true,"href":"https:\/\/www.atta45.se\/e-butik\/wp-json\/wp\/v2\/product_brand?post=27639"},{"taxonomy":"product_cat","embeddable":true,"href":"https:\/\/www.atta45.se\/e-butik\/wp-json\/wp\/v2\/product_cat?post=27639"},{"taxonomy":"product_tag","embeddable":true,"href":"https:\/\/www.atta45.se\/e-butik\/wp-json\/wp\/v2\/product_tag?post=27639"}],"curies":[{"name":"wp","href":"https:\/\/api.w.org\/{rel}","templated":true}]}}