{"id":27585,"date":"2024-12-26T16:30:09","date_gmt":"2024-12-26T15:30:09","guid":{"rendered":"https:\/\/www.atta45.se\/e-butik\/?post_type=product&#038;p=27585"},"modified":"2025-10-27T15:18:04","modified_gmt":"2025-10-27T14:18:04","slug":"figurformad-overstrykningspenna-i-abs","status":"publish","type":"product","link":"https:\/\/www.atta45.se\/e-butik\/produkt\/figurformad-overstrykningspenna-i-abs\/","title":{"rendered":"\u00d6verstrykningspenna Figurformad i ABS Ella"},"content":{"rendered":"<p>\u00d6verstrykningspenna i ABS, formad i figur, med fyra f\u00e4rger (gul, rosa, gr\u00f6n och bl\u00e5). Inkluderar en sk\u00e4rmreng\u00f6rare p\u00e5 baksidan och en utdragbar borste f\u00f6r tangentbordet.<\/p>\n","protected":false},"excerpt":{"rendered":"<p>\u00d6verstrykningspenna i ABS, formad i figur, med fyra f\u00e4rger (gul, rosa, gr\u00f6n och bl\u00e5). Inkluderar en sk\u00e4rmreng\u00f6rare p\u00e5 baksidan och en utdragbar borste f\u00f6r tangentbordet.<\/p>\n","protected":false},"featured_media":27586,"template":"","meta":{"_acf_changed":false,"_seopress_robots_primary_cat":"","_seopress_titles_title":"","_seopress_titles_desc":"","_seopress_robots_index":""},"product_brand":[],"product_cat":[15],"product_tag":[],"class_list":{"0":"post-27585","1":"product","2":"type-product","3":"status-publish","4":"has-post-thumbnail","6":"product_cat-okategoriserad","7":"atta45_taxonomy-tema-inspiration-branscher-sv","8":"atta45_taxonomy-elektronik-kontor-sv","9":"atta45_taxonomy-tema-inspiration-ogonblick-kontorsliv-sv","10":"atta45_taxonomy-elektronik-kontor-pennor-sv","11":"atta45_taxonomy-pennor-sv","12":"atta45_taxonomy-tema-inspiration-sv","13":"atta45_taxonomy-tema-inspiration-branscher-utbildning-sv","15":"first","16":"instock","17":"taxable","18":"shipping-taxable","19":"purchasable","20":"product-type-variable"},"acf":[],"_links":{"self":[{"href":"https:\/\/www.atta45.se\/e-butik\/wp-json\/wp\/v2\/product\/27585","targetHints":{"allow":["GET"]}}],"collection":[{"href":"https:\/\/www.atta45.se\/e-butik\/wp-json\/wp\/v2\/product"}],"about":[{"href":"https:\/\/www.atta45.se\/e-butik\/wp-json\/wp\/v2\/types\/product"}],"wp:featuredmedia":[{"embeddable":true,"href":"https:\/\/www.atta45.se\/e-butik\/wp-json\/wp\/v2\/media\/27586"}],"wp:attachment":[{"href":"https:\/\/www.atta45.se\/e-butik\/wp-json\/wp\/v2\/media?parent=27585"}],"wp:term":[{"taxonomy":"product_brand","embeddable":true,"href":"https:\/\/www.atta45.se\/e-butik\/wp-json\/wp\/v2\/product_brand?post=27585"},{"taxonomy":"product_cat","embeddable":true,"href":"https:\/\/www.atta45.se\/e-butik\/wp-json\/wp\/v2\/product_cat?post=27585"},{"taxonomy":"product_tag","embeddable":true,"href":"https:\/\/www.atta45.se\/e-butik\/wp-json\/wp\/v2\/product_tag?post=27585"}],"curies":[{"name":"wp","href":"https:\/\/api.w.org\/{rel}","templated":true}]}}