{"id":27373,"date":"2024-12-26T16:28:53","date_gmt":"2024-12-26T15:28:53","guid":{"rendered":"https:\/\/www.atta45.se\/e-butik\/?post_type=product&#038;p=27373"},"modified":"2025-10-27T15:09:19","modified_gmt":"2025-10-27T14:09:19","slug":"multifunktionell-kulspetspenna","status":"publish","type":"product","link":"https:\/\/www.atta45.se\/e-butik\/produkt\/multifunktionell-kulspetspenna\/","title":{"rendered":"Kulspetspenna multifunktionell 5-i-1 Giuliana"},"content":{"rendered":"<p>Multifunktionell kulspetspenna i plast med twistmekanism. Utrustad med ett vattenpass och linjal p\u00e5 sidan samt gummitopp f\u00f6r touchsk\u00e4rmar. Svart bl\u00e4ck.<\/p>\n","protected":false},"excerpt":{"rendered":"<p>Multifunktionell kulspetspenna i plast med twistmekanism. Utrustad med ett vattenpass och linjal p\u00e5 sidan samt gummitopp f\u00f6r touchsk\u00e4rmar. Svart bl\u00e4ck.<\/p>\n","protected":false},"featured_media":27374,"template":"","meta":{"_acf_changed":false,"_seopress_robots_primary_cat":"","_seopress_titles_title":"","_seopress_titles_desc":"","_seopress_robots_index":""},"product_brand":[],"product_cat":[15],"product_tag":[],"class_list":{"0":"post-27373","1":"product","2":"type-product","3":"status-publish","4":"has-post-thumbnail","6":"product_cat-okategoriserad","7":"atta45_taxonomy-tema-inspiration-branscher-sv","8":"atta45_taxonomy-elektronik-kontor-sv","9":"atta45_taxonomy-tema-inspiration-branscher-konstruktion-sv","10":"atta45_taxonomy-tema-inspiration-ogonblick-kontorsliv-sv","11":"atta45_taxonomy-pennor-sv","12":"atta45_taxonomy-pennor-pennor-sv","13":"atta45_taxonomy-elektronik-kontor-pennor-sv","14":"atta45_taxonomy-elektronik-kontor-stylus-touchscreen-sv","15":"atta45_taxonomy-pennor-stylus-touchscreen-sv","16":"atta45_taxonomy-tema-inspiration-sv","18":"first","19":"instock","20":"taxable","21":"shipping-taxable","22":"purchasable","23":"product-type-variable"},"acf":[],"_links":{"self":[{"href":"https:\/\/www.atta45.se\/e-butik\/wp-json\/wp\/v2\/product\/27373","targetHints":{"allow":["GET"]}}],"collection":[{"href":"https:\/\/www.atta45.se\/e-butik\/wp-json\/wp\/v2\/product"}],"about":[{"href":"https:\/\/www.atta45.se\/e-butik\/wp-json\/wp\/v2\/types\/product"}],"wp:featuredmedia":[{"embeddable":true,"href":"https:\/\/www.atta45.se\/e-butik\/wp-json\/wp\/v2\/media\/27374"}],"wp:attachment":[{"href":"https:\/\/www.atta45.se\/e-butik\/wp-json\/wp\/v2\/media?parent=27373"}],"wp:term":[{"taxonomy":"product_brand","embeddable":true,"href":"https:\/\/www.atta45.se\/e-butik\/wp-json\/wp\/v2\/product_brand?post=27373"},{"taxonomy":"product_cat","embeddable":true,"href":"https:\/\/www.atta45.se\/e-butik\/wp-json\/wp\/v2\/product_cat?post=27373"},{"taxonomy":"product_tag","embeddable":true,"href":"https:\/\/www.atta45.se\/e-butik\/wp-json\/wp\/v2\/product_tag?post=27373"}],"curies":[{"name":"wp","href":"https:\/\/api.w.org\/{rel}","templated":true}]}}