{"id":27223,"date":"2024-12-26T16:28:07","date_gmt":"2024-12-26T15:28:07","guid":{"rendered":"https:\/\/www.atta45.se\/e-butik\/?post_type=product&#038;p=27223"},"modified":"2025-10-27T14:56:36","modified_gmt":"2025-10-27T13:56:36","slug":"kulspetspenna-i-aluminium-emmett","status":"publish","type":"product","link":"https:\/\/www.atta45.se\/e-butik\/produkt\/kulspetspenna-i-aluminium-emmett\/","title":{"rendered":"Kulspetspenna i aluminium Emmett"},"content":{"rendered":"<p>Kulspetspenna med gummerad yta. Toppen, spetsen och clipet matchar i m\u00f6rkgr\u00e5 f\u00e4rg. Lasergravyr tar fram f\u00e4rgen under den gummerade ytan. Bl\u00e5tt bl\u00e4ck.<br \/>Kan endast tryckas med f\u00e4rgerna Vitt, Svart, Silver eller Guld.<\/p>\n","protected":false},"excerpt":{"rendered":"<p>Kulspetspenna med gummerad yta. Toppen, spetsen och clipet matchar i m\u00f6rkgr\u00e5 f\u00e4rg. Lasergravyr tar fram f\u00e4rgen under den gummerade ytan. Bl\u00e5tt bl\u00e4ck.Kan endast tryckas med f\u00e4rgerna Vitt, Svart, Silver eller Guld.<\/p>\n","protected":false},"featured_media":27224,"template":"","meta":{"_acf_changed":false,"_seopress_robots_primary_cat":"","_seopress_titles_title":"","_seopress_titles_desc":"","_seopress_robots_index":""},"product_brand":[],"product_cat":[15],"product_tag":[],"class_list":{"0":"post-27223","1":"product","2":"type-product","3":"status-publish","4":"has-post-thumbnail","6":"product_cat-okategoriserad","7":"atta45_taxonomy-tema-inspiration-ogonblick-kontorsliv-sv","8":"atta45_taxonomy-tema-inspiration-speciella-trycktekniker-name-it-sv","9":"atta45_taxonomy-pennor-sv","10":"atta45_taxonomy-elektronik-kontor-pennor-sv","11":"atta45_taxonomy-pennor-pennor-sv","12":"atta45_taxonomy-tema-inspiration-sv","14":"first","15":"instock","16":"taxable","17":"shipping-taxable","18":"purchasable","19":"product-type-variable"},"acf":[],"_links":{"self":[{"href":"https:\/\/www.atta45.se\/e-butik\/wp-json\/wp\/v2\/product\/27223","targetHints":{"allow":["GET"]}}],"collection":[{"href":"https:\/\/www.atta45.se\/e-butik\/wp-json\/wp\/v2\/product"}],"about":[{"href":"https:\/\/www.atta45.se\/e-butik\/wp-json\/wp\/v2\/types\/product"}],"wp:featuredmedia":[{"embeddable":true,"href":"https:\/\/www.atta45.se\/e-butik\/wp-json\/wp\/v2\/media\/27224"}],"wp:attachment":[{"href":"https:\/\/www.atta45.se\/e-butik\/wp-json\/wp\/v2\/media?parent=27223"}],"wp:term":[{"taxonomy":"product_brand","embeddable":true,"href":"https:\/\/www.atta45.se\/e-butik\/wp-json\/wp\/v2\/product_brand?post=27223"},{"taxonomy":"product_cat","embeddable":true,"href":"https:\/\/www.atta45.se\/e-butik\/wp-json\/wp\/v2\/product_cat?post=27223"},{"taxonomy":"product_tag","embeddable":true,"href":"https:\/\/www.atta45.se\/e-butik\/wp-json\/wp\/v2\/product_tag?post=27223"}],"curies":[{"name":"wp","href":"https:\/\/api.w.org\/{rel}","templated":true}]}}