{"id":27141,"date":"2024-12-26T16:27:43","date_gmt":"2024-12-26T15:27:43","guid":{"rendered":"https:\/\/www.atta45.se\/e-butik\/?post_type=product&#038;p=27141"},"modified":"2025-10-27T14:39:39","modified_gmt":"2025-10-27T13:39:39","slug":"kulspetspenna-i-plast-2","status":"publish","type":"product","link":"https:\/\/www.atta45.se\/e-butik\/produkt\/kulspetspenna-i-plast-2\/","title":{"rendered":"Kulspetspenna ABS Jarod"},"content":{"rendered":"<p>Kulspetspenna i solidf\u00e4rgad plast med lite kortare metall klips. \u00d6vriga detaljer i metall. Svart bl\u00e4ck.<\/p>\n","protected":false},"excerpt":{"rendered":"<p>Kulspetspenna i solidf\u00e4rgad plast med lite kortare metall klips. \u00d6vriga detaljer i metall. Svart bl\u00e4ck.<\/p>\n","protected":false},"featured_media":27142,"template":"","meta":{"_acf_changed":false,"_seopress_robots_primary_cat":"","_seopress_titles_title":"","_seopress_titles_desc":"","_seopress_robots_index":""},"product_brand":[],"product_cat":[15],"product_tag":[],"class_list":{"0":"post-27141","1":"product","2":"type-product","3":"status-publish","4":"has-post-thumbnail","6":"product_cat-okategoriserad","7":"atta45_taxonomy-tema-inspiration-ogonblick-fargglad-lycka-sv","8":"atta45_taxonomy-pennor-sv","9":"atta45_taxonomy-pennor-pennor-sv","10":"atta45_taxonomy-elektronik-kontor-pennor-sv","11":"atta45_taxonomy-tema-inspiration-sv","13":"first","14":"instock","15":"taxable","16":"shipping-taxable","17":"purchasable","18":"product-type-variable"},"acf":[],"_links":{"self":[{"href":"https:\/\/www.atta45.se\/e-butik\/wp-json\/wp\/v2\/product\/27141","targetHints":{"allow":["GET"]}}],"collection":[{"href":"https:\/\/www.atta45.se\/e-butik\/wp-json\/wp\/v2\/product"}],"about":[{"href":"https:\/\/www.atta45.se\/e-butik\/wp-json\/wp\/v2\/types\/product"}],"wp:featuredmedia":[{"embeddable":true,"href":"https:\/\/www.atta45.se\/e-butik\/wp-json\/wp\/v2\/media\/27142"}],"wp:attachment":[{"href":"https:\/\/www.atta45.se\/e-butik\/wp-json\/wp\/v2\/media?parent=27141"}],"wp:term":[{"taxonomy":"product_brand","embeddable":true,"href":"https:\/\/www.atta45.se\/e-butik\/wp-json\/wp\/v2\/product_brand?post=27141"},{"taxonomy":"product_cat","embeddable":true,"href":"https:\/\/www.atta45.se\/e-butik\/wp-json\/wp\/v2\/product_cat?post=27141"},{"taxonomy":"product_tag","embeddable":true,"href":"https:\/\/www.atta45.se\/e-butik\/wp-json\/wp\/v2\/product_tag?post=27141"}],"curies":[{"name":"wp","href":"https:\/\/api.w.org\/{rel}","templated":true}]}}