{"id":27089,"date":"2024-12-26T16:27:20","date_gmt":"2024-12-26T15:27:20","guid":{"rendered":"https:\/\/www.atta45.se\/e-butik\/?post_type=product&#038;p=27089"},"modified":"2025-10-27T14:32:03","modified_gmt":"2025-10-27T13:32:03","slug":"set-med-pennor-i-bambu","status":"publish","type":"product","link":"https:\/\/www.atta45.se\/e-butik\/produkt\/set-med-pennor-i-bambu\/","title":{"rendered":"Set med pennor i bambu Darlene"},"content":{"rendered":"<p>Set med tv\u00e5 pennor i bambu, en stiftpenna och en kulspetspenna med gummitopp f\u00f6r touchsk\u00e4rmar. Kulspetspennan har klickfunktion och bl\u00e5tt bl\u00e4ck. Levereras i en ask av kartong .<\/p>\n","protected":false},"excerpt":{"rendered":"<p>Set med tv\u00e5 pennor i bambu, en stiftpenna och en kulspetspenna med gummitopp f\u00f6r touchsk\u00e4rmar. Kulspetspennan har klickfunktion och bl\u00e5tt bl\u00e4ck. Levereras i en ask av kartong .<\/p>\n","protected":false},"featured_media":27090,"template":"","meta":{"_acf_changed":false,"_seopress_robots_primary_cat":"","_seopress_titles_title":"","_seopress_titles_desc":"","_seopress_robots_index":""},"product_brand":[],"product_cat":[15],"product_tag":[],"class_list":{"0":"post-27089","1":"product","2":"type-product","3":"status-publish","4":"has-post-thumbnail","6":"product_cat-okategoriserad","7":"atta45_taxonomy-tema-inspiration-grona-intryck-bambu-sv","8":"atta45_taxonomy-tema-inspiration-grona-intryck-eco-basic-sv","9":"atta45_taxonomy-tema-inspiration-ogonblick-en-gron-planet-sv","10":"atta45_taxonomy-pennor-exklusiva-pennor-sv","11":"atta45_taxonomy-tema-inspiration-grona-intryck-sv","12":"atta45_taxonomy-pennor-sv","13":"atta45_taxonomy-pennor-pennor-sv","14":"atta45_taxonomy-elektronik-kontor-pennor-sv","15":"atta45_taxonomy-pennor-stylus-touchscreen-sv","16":"atta45_taxonomy-elektronik-kontor-stylus-touchscreen-sv","17":"atta45_taxonomy-tema-inspiration-sv","19":"first","20":"instock","21":"taxable","22":"shipping-taxable","23":"purchasable","24":"product-type-variable"},"acf":[],"_links":{"self":[{"href":"https:\/\/www.atta45.se\/e-butik\/wp-json\/wp\/v2\/product\/27089","targetHints":{"allow":["GET"]}}],"collection":[{"href":"https:\/\/www.atta45.se\/e-butik\/wp-json\/wp\/v2\/product"}],"about":[{"href":"https:\/\/www.atta45.se\/e-butik\/wp-json\/wp\/v2\/types\/product"}],"wp:featuredmedia":[{"embeddable":true,"href":"https:\/\/www.atta45.se\/e-butik\/wp-json\/wp\/v2\/media\/27090"}],"wp:attachment":[{"href":"https:\/\/www.atta45.se\/e-butik\/wp-json\/wp\/v2\/media?parent=27089"}],"wp:term":[{"taxonomy":"product_brand","embeddable":true,"href":"https:\/\/www.atta45.se\/e-butik\/wp-json\/wp\/v2\/product_brand?post=27089"},{"taxonomy":"product_cat","embeddable":true,"href":"https:\/\/www.atta45.se\/e-butik\/wp-json\/wp\/v2\/product_cat?post=27089"},{"taxonomy":"product_tag","embeddable":true,"href":"https:\/\/www.atta45.se\/e-butik\/wp-json\/wp\/v2\/product_tag?post=27089"}],"curies":[{"name":"wp","href":"https:\/\/api.w.org\/{rel}","templated":true}]}}