{"id":26551,"date":"2024-12-26T16:24:10","date_gmt":"2024-12-26T15:24:10","guid":{"rendered":"https:\/\/www.atta45.se\/e-butik\/?post_type=product&#038;p=26551"},"modified":"2025-10-27T23:29:18","modified_gmt":"2025-10-27T22:29:18","slug":"charles-dickens-kulspetspenna","status":"publish","type":"product","link":"https:\/\/www.atta45.se\/e-butik\/produkt\/charles-dickens-kulspetspenna\/","title":{"rendered":"Kulspetspenna, i metall, av Charles Dickens\u00ae, Lena"},"content":{"rendered":"<p>Charles Dickens kulspetspenna med silverf\u00e4rgade detaljer. Klipset \u00e4r integrerat med toppen. Levereras i ett elegant etui. Svart bl\u00e4ck, men patroner f\u00f6r bl\u00e5tt bl\u00e4ck kan bifogas.<\/p>\n","protected":false},"excerpt":{"rendered":"<p>Charles Dickens kulspetspenna med silverf\u00e4rgade detaljer. Klipset \u00e4r integrerat med toppen. Levereras i ett elegant etui. Svart bl\u00e4ck, men patroner f\u00f6r bl\u00e5tt bl\u00e4ck kan bifogas.<\/p>\n","protected":false},"featured_media":26552,"template":"","meta":{"_acf_changed":false,"_seopress_robots_primary_cat":"","_seopress_titles_title":"","_seopress_titles_desc":"","_seopress_robots_index":""},"product_brand":[],"product_cat":[15],"product_tag":[],"class_list":{"0":"post-26551","1":"product","2":"type-product","3":"status-publish","4":"has-post-thumbnail","6":"product_cat-okategoriserad","7":"atta45_taxonomy-tema-inspiration-varumarken-charles-dickens-sv","8":"atta45_taxonomy-pennor-exklusiva-pennor-sv","9":"atta45_taxonomy-tema-inspiration-ogonblick-kontorsliv-sv","10":"atta45_taxonomy-tema-inspiration-speciella-trycktekniker-name-it-sv","11":"atta45_taxonomy-pennor-sv","12":"atta45_taxonomy-pennor-pennor-sv","13":"atta45_taxonomy-elektronik-kontor-pennor-sv","14":"atta45_taxonomy-pennor-pennset-sv","15":"atta45_taxonomy-pennor-rit-farglaggning-sv","16":"atta45_taxonomy-tema-inspiration-sv","17":"atta45_taxonomy-tema-inspiration-varumarken-sv","19":"first","20":"instock","21":"taxable","22":"shipping-taxable","23":"purchasable","24":"product-type-variable"},"acf":[],"_links":{"self":[{"href":"https:\/\/www.atta45.se\/e-butik\/wp-json\/wp\/v2\/product\/26551","targetHints":{"allow":["GET"]}}],"collection":[{"href":"https:\/\/www.atta45.se\/e-butik\/wp-json\/wp\/v2\/product"}],"about":[{"href":"https:\/\/www.atta45.se\/e-butik\/wp-json\/wp\/v2\/types\/product"}],"wp:featuredmedia":[{"embeddable":true,"href":"https:\/\/www.atta45.se\/e-butik\/wp-json\/wp\/v2\/media\/26552"}],"wp:attachment":[{"href":"https:\/\/www.atta45.se\/e-butik\/wp-json\/wp\/v2\/media?parent=26551"}],"wp:term":[{"taxonomy":"product_brand","embeddable":true,"href":"https:\/\/www.atta45.se\/e-butik\/wp-json\/wp\/v2\/product_brand?post=26551"},{"taxonomy":"product_cat","embeddable":true,"href":"https:\/\/www.atta45.se\/e-butik\/wp-json\/wp\/v2\/product_cat?post=26551"},{"taxonomy":"product_tag","embeddable":true,"href":"https:\/\/www.atta45.se\/e-butik\/wp-json\/wp\/v2\/product_tag?post=26551"}],"curies":[{"name":"wp","href":"https:\/\/api.w.org\/{rel}","templated":true}]}}