{"id":26463,"date":"2024-12-26T16:23:35","date_gmt":"2024-12-26T15:23:35","guid":{"rendered":"https:\/\/www.atta45.se\/e-butik\/?post_type=product&#038;p=26463"},"modified":"2025-10-27T23:26:18","modified_gmt":"2025-10-27T22:26:18","slug":"pennset-i-lonntra","status":"publish","type":"product","link":"https:\/\/www.atta45.se\/e-butik\/produkt\/pennset-i-lonntra\/","title":{"rendered":"Pennset i l\u00f6nntr\u00e4, Morris"},"content":{"rendered":"<p>Pennset i ljust tr\u00e4 med kulspetspenna, bl\u00e5tt bl\u00e4ck, och stiftpenna, 0,5 mm, med klips och spets av metall som levereras i matchande tr\u00e4etui.<\/p>\n","protected":false},"excerpt":{"rendered":"<p>Pennset i ljust tr\u00e4 med kulspetspenna, bl\u00e5tt bl\u00e4ck, och stiftpenna, 0,5 mm, med klips och spets av metall som levereras i matchande tr\u00e4etui.<\/p>\n","protected":false},"featured_media":26464,"template":"","meta":{"_acf_changed":false,"_seopress_robots_primary_cat":"","_seopress_titles_title":"","_seopress_titles_desc":"","_seopress_robots_index":""},"product_brand":[],"product_cat":[15],"product_tag":[],"class_list":{"0":"post-26463","1":"product","2":"type-product","3":"status-publish","4":"has-post-thumbnail","6":"product_cat-okategoriserad","7":"atta45_taxonomy-tema-inspiration-branscher-sv","8":"atta45_taxonomy-tema-inspiration-grona-intryck-eco-basic-sv","9":"atta45_taxonomy-tema-inspiration-ogonblick-en-gron-planet-sv","10":"atta45_taxonomy-pennor-exklusiva-pennor-sv","11":"atta45_taxonomy-tema-inspiration-grona-intryck-sv","12":"atta45_taxonomy-pennor-sv","13":"atta45_taxonomy-pennor-pennor-sv","14":"atta45_taxonomy-elektronik-kontor-pennor-sv","15":"atta45_taxonomy-tema-inspiration-sv","16":"atta45_taxonomy-tema-inspiration-branscher-utbildning-sv","18":"first","19":"instock","20":"taxable","21":"shipping-taxable","22":"purchasable","23":"product-type-variable"},"acf":[],"_links":{"self":[{"href":"https:\/\/www.atta45.se\/e-butik\/wp-json\/wp\/v2\/product\/26463","targetHints":{"allow":["GET"]}}],"collection":[{"href":"https:\/\/www.atta45.se\/e-butik\/wp-json\/wp\/v2\/product"}],"about":[{"href":"https:\/\/www.atta45.se\/e-butik\/wp-json\/wp\/v2\/types\/product"}],"wp:featuredmedia":[{"embeddable":true,"href":"https:\/\/www.atta45.se\/e-butik\/wp-json\/wp\/v2\/media\/26464"}],"wp:attachment":[{"href":"https:\/\/www.atta45.se\/e-butik\/wp-json\/wp\/v2\/media?parent=26463"}],"wp:term":[{"taxonomy":"product_brand","embeddable":true,"href":"https:\/\/www.atta45.se\/e-butik\/wp-json\/wp\/v2\/product_brand?post=26463"},{"taxonomy":"product_cat","embeddable":true,"href":"https:\/\/www.atta45.se\/e-butik\/wp-json\/wp\/v2\/product_cat?post=26463"},{"taxonomy":"product_tag","embeddable":true,"href":"https:\/\/www.atta45.se\/e-butik\/wp-json\/wp\/v2\/product_tag?post=26463"}],"curies":[{"name":"wp","href":"https:\/\/api.w.org\/{rel}","templated":true}]}}