{"id":25829,"date":"2024-12-26T16:19:47","date_gmt":"2024-12-26T15:19:47","guid":{"rendered":"https:\/\/www.atta45.se\/e-butik\/?post_type=product&#038;p=25829"},"modified":"2025-10-27T22:33:57","modified_gmt":"2025-10-27T21:33:57","slug":"pennset-i-kolfibermonster-ziva","status":"publish","type":"product","link":"https:\/\/www.atta45.se\/e-butik\/produkt\/pennset-i-kolfibermonster-ziva\/","title":{"rendered":"Pennset i kolfiberm\u00f6nster Ziva"},"content":{"rendered":"<p>Metallpennset best\u00e5ende av en kulpenna i metall och rullbollspenna. F\u00f6rpackad i en lyxig presentf\u00f6rpackning med magnetisk st\u00e4ngning. S\u00e4ljes per 50 st. Svart bl\u00e4ck.<\/p>\n","protected":false},"excerpt":{"rendered":"<p>Metallpennset best\u00e5ende av en kulpenna i metall och rullbollspenna. F\u00f6rpackad i en lyxig presentf\u00f6rpackning med magnetisk st\u00e4ngning. S\u00e4ljes per 50 st. Svart bl\u00e4ck.<\/p>\n","protected":false},"featured_media":25830,"template":"","meta":{"_acf_changed":false,"_seopress_robots_primary_cat":"","_seopress_titles_title":"","_seopress_titles_desc":"","_seopress_robots_index":""},"product_brand":[],"product_cat":[15],"product_tag":[],"class_list":{"0":"post-25829","1":"product","2":"type-product","3":"status-publish","4":"has-post-thumbnail","6":"product_cat-okategoriserad","7":"atta45_taxonomy-pennor-exklusiva-pennor-sv","8":"atta45_taxonomy-tema-inspiration-ogonblick-kontorsliv-sv","9":"atta45_taxonomy-elektronik-kontor-pennor-sv","10":"atta45_taxonomy-pennor-pennor-sv","11":"atta45_taxonomy-pennor-sv","12":"atta45_taxonomy-pennor-pennset-sv","13":"atta45_taxonomy-pennor-rit-farglaggning-sv","14":"atta45_taxonomy-tema-inspiration-sv","16":"first","17":"instock","18":"taxable","19":"shipping-taxable","20":"purchasable","21":"product-type-variable"},"acf":[],"_links":{"self":[{"href":"https:\/\/www.atta45.se\/e-butik\/wp-json\/wp\/v2\/product\/25829","targetHints":{"allow":["GET"]}}],"collection":[{"href":"https:\/\/www.atta45.se\/e-butik\/wp-json\/wp\/v2\/product"}],"about":[{"href":"https:\/\/www.atta45.se\/e-butik\/wp-json\/wp\/v2\/types\/product"}],"wp:featuredmedia":[{"embeddable":true,"href":"https:\/\/www.atta45.se\/e-butik\/wp-json\/wp\/v2\/media\/25830"}],"wp:attachment":[{"href":"https:\/\/www.atta45.se\/e-butik\/wp-json\/wp\/v2\/media?parent=25829"}],"wp:term":[{"taxonomy":"product_brand","embeddable":true,"href":"https:\/\/www.atta45.se\/e-butik\/wp-json\/wp\/v2\/product_brand?post=25829"},{"taxonomy":"product_cat","embeddable":true,"href":"https:\/\/www.atta45.se\/e-butik\/wp-json\/wp\/v2\/product_cat?post=25829"},{"taxonomy":"product_tag","embeddable":true,"href":"https:\/\/www.atta45.se\/e-butik\/wp-json\/wp\/v2\/product_tag?post=25829"}],"curies":[{"name":"wp","href":"https:\/\/api.w.org\/{rel}","templated":true}]}}