{"id":25487,"date":"2024-12-26T16:18:04","date_gmt":"2024-12-26T15:18:04","guid":{"rendered":"https:\/\/www.atta45.se\/e-butik\/?post_type=product&#038;p=25487"},"modified":"2025-10-27T22:17:46","modified_gmt":"2025-10-27T21:17:46","slug":"skolset","status":"publish","type":"product","link":"https:\/\/www.atta45.se\/e-butik\/produkt\/skolset\/","title":{"rendered":"Skolset i f\u00f6rvaringsl\u00e5da av tr\u00e4, Carmelita"},"content":{"rendered":"<p>F\u00e4rgpennor i smart f\u00f6rvaringsl\u00e5da av tr\u00e4 med linjal, suddgummi och pennv\u00e4ssare.<\/p>\n","protected":false},"excerpt":{"rendered":"<p>F\u00e4rgpennor i smart f\u00f6rvaringsl\u00e5da av tr\u00e4 med linjal, suddgummi och pennv\u00e4ssare.<\/p>\n","protected":false},"featured_media":25488,"template":"","meta":{"_acf_changed":false,"_seopress_robots_primary_cat":"","_seopress_titles_title":"","_seopress_titles_desc":"","_seopress_robots_index":""},"product_brand":[],"product_cat":[15],"product_tag":[],"class_list":{"0":"post-25487","1":"product","2":"type-product","3":"status-publish","4":"has-post-thumbnail","6":"product_cat-okategoriserad","7":"atta45_taxonomy-pennor-blyertspennor-sv","8":"atta45_taxonomy-fritid-spel-leksaker-blyertspennor-sv","9":"atta45_taxonomy-tema-inspiration-branscher-sv","10":"atta45_taxonomy-elektronik-kontor-sv","11":"atta45_taxonomy-tema-inspiration-grona-intryck-sv","12":"atta45_taxonomy-elektronik-kontor-pennor-sv","13":"atta45_taxonomy-fritid-spel-leksaker-rit-farglaggning-sv","14":"atta45_taxonomy-pennor-rit-farglaggning-sv","15":"atta45_taxonomy-tema-inspiration-ogonblick-skoldags-sv","16":"atta45_taxonomy-fritid-spel-leksaker-sv","17":"atta45_taxonomy-tema-inspiration-sv","18":"atta45_taxonomy-tema-inspiration-branscher-utbildning-sv","20":"first","21":"instock","22":"taxable","23":"shipping-taxable","24":"purchasable","25":"product-type-variable"},"acf":[],"_links":{"self":[{"href":"https:\/\/www.atta45.se\/e-butik\/wp-json\/wp\/v2\/product\/25487","targetHints":{"allow":["GET"]}}],"collection":[{"href":"https:\/\/www.atta45.se\/e-butik\/wp-json\/wp\/v2\/product"}],"about":[{"href":"https:\/\/www.atta45.se\/e-butik\/wp-json\/wp\/v2\/types\/product"}],"wp:featuredmedia":[{"embeddable":true,"href":"https:\/\/www.atta45.se\/e-butik\/wp-json\/wp\/v2\/media\/25488"}],"wp:attachment":[{"href":"https:\/\/www.atta45.se\/e-butik\/wp-json\/wp\/v2\/media?parent=25487"}],"wp:term":[{"taxonomy":"product_brand","embeddable":true,"href":"https:\/\/www.atta45.se\/e-butik\/wp-json\/wp\/v2\/product_brand?post=25487"},{"taxonomy":"product_cat","embeddable":true,"href":"https:\/\/www.atta45.se\/e-butik\/wp-json\/wp\/v2\/product_cat?post=25487"},{"taxonomy":"product_tag","embeddable":true,"href":"https:\/\/www.atta45.se\/e-butik\/wp-json\/wp\/v2\/product_tag?post=25487"}],"curies":[{"name":"wp","href":"https:\/\/api.w.org\/{rel}","templated":true}]}}