{"id":25449,"date":"2024-12-26T16:17:45","date_gmt":"2024-12-26T15:17:45","guid":{"rendered":"https:\/\/www.atta45.se\/e-butik\/?post_type=product&#038;p=25449"},"modified":"2025-10-27T22:15:58","modified_gmt":"2025-10-27T21:15:58","slug":"fargpenn-set-12-st-korta-terrence","status":"publish","type":"product","link":"https:\/\/www.atta45.se\/e-butik\/produkt\/fargpenn-set-12-st-korta-terrence\/","title":{"rendered":"F\u00e4rgpennor set, 12 st korta, Terrence"},"content":{"rendered":"<p>Set med 12 st f\u00e4rgpennor i tr\u00e4 med pennv\u00e4ssare i det trasparenta plastlocket och cylinder av papp.<\/p>\n","protected":false},"excerpt":{"rendered":"<p>Set med 12 st f\u00e4rgpennor i tr\u00e4 med pennv\u00e4ssare i det trasparenta plastlocket och cylinder av papp.<\/p>\n","protected":false},"featured_media":25450,"template":"","meta":{"_acf_changed":false,"_seopress_robots_primary_cat":"","_seopress_titles_title":"","_seopress_titles_desc":"","_seopress_robots_index":""},"product_brand":[],"product_cat":[15],"product_tag":[],"class_list":{"0":"post-25449","1":"product","2":"type-product","3":"status-publish","4":"has-post-thumbnail","6":"product_cat-okategoriserad","7":"atta45_taxonomy-pennor-blyertspennor-sv","8":"atta45_taxonomy-fritid-spel-leksaker-blyertspennor-sv","9":"atta45_taxonomy-tema-inspiration-branscher-sv","10":"atta45_taxonomy-elektronik-kontor-sv","11":"atta45_taxonomy-tema-inspiration-ogonblick-fargglad-lycka-sv","12":"atta45_taxonomy-tema-inspiration-grona-intryck-sv","13":"atta45_taxonomy-tema-inspiration-grona-intryck-kartong-sv","14":"atta45_taxonomy-tema-inspiration-speciella-trycktekniker-name-it-sv","15":"atta45_taxonomy-elektronik-kontor-pennor-sv","16":"atta45_taxonomy-pennor-rit-farglaggning-sv","17":"atta45_taxonomy-fritid-spel-leksaker-rit-farglaggning-sv","18":"atta45_taxonomy-fritid-spel-leksaker-sv","19":"atta45_taxonomy-tema-inspiration-sv","20":"atta45_taxonomy-tema-inspiration-branscher-utbildning-sv","22":"first","23":"instock","24":"taxable","25":"shipping-taxable","26":"purchasable","27":"product-type-variable"},"acf":[],"_links":{"self":[{"href":"https:\/\/www.atta45.se\/e-butik\/wp-json\/wp\/v2\/product\/25449","targetHints":{"allow":["GET"]}}],"collection":[{"href":"https:\/\/www.atta45.se\/e-butik\/wp-json\/wp\/v2\/product"}],"about":[{"href":"https:\/\/www.atta45.se\/e-butik\/wp-json\/wp\/v2\/types\/product"}],"wp:featuredmedia":[{"embeddable":true,"href":"https:\/\/www.atta45.se\/e-butik\/wp-json\/wp\/v2\/media\/25450"}],"wp:attachment":[{"href":"https:\/\/www.atta45.se\/e-butik\/wp-json\/wp\/v2\/media?parent=25449"}],"wp:term":[{"taxonomy":"product_brand","embeddable":true,"href":"https:\/\/www.atta45.se\/e-butik\/wp-json\/wp\/v2\/product_brand?post=25449"},{"taxonomy":"product_cat","embeddable":true,"href":"https:\/\/www.atta45.se\/e-butik\/wp-json\/wp\/v2\/product_cat?post=25449"},{"taxonomy":"product_tag","embeddable":true,"href":"https:\/\/www.atta45.se\/e-butik\/wp-json\/wp\/v2\/product_tag?post=25449"}],"curies":[{"name":"wp","href":"https:\/\/api.w.org\/{rel}","templated":true}]}}