{"id":25161,"date":"2024-12-26T16:16:03","date_gmt":"2024-12-26T15:16:03","guid":{"rendered":"https:\/\/www.atta45.se\/e-butik\/?post_type=product&#038;p=25161"},"modified":"2025-10-27T22:10:07","modified_gmt":"2025-10-27T21:10:07","slug":"stilolinea-raja-penna-i-plast-norina","status":"publish","type":"product","link":"https:\/\/www.atta45.se\/e-butik\/produkt\/stilolinea-raja-penna-i-plast-norina\/","title":{"rendered":"Stilolinea Raja penna i plast Norina"},"content":{"rendered":"<p>Stilolinea kulspetspenna i plast med vit kropp och f\u00e4rgade detaljer, metallclip och jumbo-refill. Bl\u00e5tt bl\u00e4ck. Kan best\u00e4llas per 1000 st.<\/p>\n","protected":false},"excerpt":{"rendered":"<p>Stilolinea kulspetspenna i plast med vit kropp och f\u00e4rgade detaljer, metallclip och jumbo-refill. Bl\u00e5tt bl\u00e4ck. Kan best\u00e4llas per 1000 st.<\/p>\n","protected":false},"featured_media":25162,"template":"","meta":{"_acf_changed":false,"_seopress_robots_primary_cat":"","_seopress_titles_title":"","_seopress_titles_desc":"","_seopress_robots_index":""},"product_brand":[],"product_cat":[15],"product_tag":[],"class_list":{"0":"post-25161","1":"product","2":"type-product","3":"status-publish","4":"has-post-thumbnail","6":"product_cat-okategoriserad","7":"atta45_taxonomy-tema-inspiration-made-in-europe-andra-produkter-tillverkade-i-eu-sv","8":"atta45_taxonomy-tema-inspiration-made-in-europe-italien-sv","9":"atta45_taxonomy-pennor-sv","10":"atta45_taxonomy-pennor-pennor-sv","11":"atta45_taxonomy-elektronik-kontor-pennor-sv","13":"first","14":"instock","15":"taxable","16":"shipping-taxable","17":"purchasable","18":"product-type-variable"},"acf":[],"_links":{"self":[{"href":"https:\/\/www.atta45.se\/e-butik\/wp-json\/wp\/v2\/product\/25161","targetHints":{"allow":["GET"]}}],"collection":[{"href":"https:\/\/www.atta45.se\/e-butik\/wp-json\/wp\/v2\/product"}],"about":[{"href":"https:\/\/www.atta45.se\/e-butik\/wp-json\/wp\/v2\/types\/product"}],"wp:featuredmedia":[{"embeddable":true,"href":"https:\/\/www.atta45.se\/e-butik\/wp-json\/wp\/v2\/media\/25162"}],"wp:attachment":[{"href":"https:\/\/www.atta45.se\/e-butik\/wp-json\/wp\/v2\/media?parent=25161"}],"wp:term":[{"taxonomy":"product_brand","embeddable":true,"href":"https:\/\/www.atta45.se\/e-butik\/wp-json\/wp\/v2\/product_brand?post=25161"},{"taxonomy":"product_cat","embeddable":true,"href":"https:\/\/www.atta45.se\/e-butik\/wp-json\/wp\/v2\/product_cat?post=25161"},{"taxonomy":"product_tag","embeddable":true,"href":"https:\/\/www.atta45.se\/e-butik\/wp-json\/wp\/v2\/product_tag?post=25161"}],"curies":[{"name":"wp","href":"https:\/\/api.w.org\/{rel}","templated":true}]}}