{"id":25061,"date":"2024-12-26T16:15:28","date_gmt":"2024-12-26T15:15:28","guid":{"rendered":"https:\/\/www.atta45.se\/e-butik\/?post_type=product&#038;p=25061"},"modified":"2025-10-27T22:09:29","modified_gmt":"2025-10-27T21:09:29","slug":"ritset-i-kartong-hilary","status":"publish","type":"product","link":"https:\/\/www.atta45.se\/e-butik\/produkt\/ritset-i-kartong-hilary\/","title":{"rendered":"Ritset i kartong Hilary"},"content":{"rendered":"<p>Ritset med 10 st f\u00e4rgpennor, linjal (15 cm), pennv\u00e4ssare och f\u00e4rgl\u00e4ggningsblock (20 sidor) i en pappask.<\/p>\n","protected":false},"excerpt":{"rendered":"<p>Ritset med 10 st f\u00e4rgpennor, linjal (15 cm), pennv\u00e4ssare och f\u00e4rgl\u00e4ggningsblock (20 sidor) i en pappask.<\/p>\n","protected":false},"featured_media":25062,"template":"","meta":{"_acf_changed":false,"_seopress_robots_primary_cat":"","_seopress_titles_title":"","_seopress_titles_desc":"","_seopress_robots_index":""},"product_brand":[],"product_cat":[15],"product_tag":[],"class_list":{"0":"post-25061","1":"product","2":"type-product","3":"status-publish","4":"has-post-thumbnail","6":"product_cat-okategoriserad","7":"atta45_taxonomy-pennor-blyertspennor-sv","8":"atta45_taxonomy-fritid-spel-leksaker-blyertspennor-sv","9":"atta45_taxonomy-tema-inspiration-branscher-sv","10":"atta45_taxonomy-elektronik-kontor-sv","11":"atta45_taxonomy-tema-inspiration-grona-intryck-sv","12":"atta45_taxonomy-tema-inspiration-grona-intryck-kartong-sv","13":"atta45_taxonomy-elektronik-kontor-pennor-sv","14":"atta45_taxonomy-fritid-spel-leksaker-rit-farglaggning-sv","15":"atta45_taxonomy-pennor-rit-farglaggning-sv","16":"atta45_taxonomy-fritid-spel-leksaker-sv","17":"atta45_taxonomy-tema-inspiration-sv","18":"atta45_taxonomy-tema-inspiration-branscher-utbildning-sv","20":"first","21":"instock","22":"taxable","23":"shipping-taxable","24":"purchasable","25":"product-type-variable"},"acf":[],"_links":{"self":[{"href":"https:\/\/www.atta45.se\/e-butik\/wp-json\/wp\/v2\/product\/25061","targetHints":{"allow":["GET"]}}],"collection":[{"href":"https:\/\/www.atta45.se\/e-butik\/wp-json\/wp\/v2\/product"}],"about":[{"href":"https:\/\/www.atta45.se\/e-butik\/wp-json\/wp\/v2\/types\/product"}],"wp:featuredmedia":[{"embeddable":true,"href":"https:\/\/www.atta45.se\/e-butik\/wp-json\/wp\/v2\/media\/25062"}],"wp:attachment":[{"href":"https:\/\/www.atta45.se\/e-butik\/wp-json\/wp\/v2\/media?parent=25061"}],"wp:term":[{"taxonomy":"product_brand","embeddable":true,"href":"https:\/\/www.atta45.se\/e-butik\/wp-json\/wp\/v2\/product_brand?post=25061"},{"taxonomy":"product_cat","embeddable":true,"href":"https:\/\/www.atta45.se\/e-butik\/wp-json\/wp\/v2\/product_cat?post=25061"},{"taxonomy":"product_tag","embeddable":true,"href":"https:\/\/www.atta45.se\/e-butik\/wp-json\/wp\/v2\/product_tag?post=25061"}],"curies":[{"name":"wp","href":"https:\/\/api.w.org\/{rel}","templated":true}]}}