{"id":25003,"date":"2024-12-26T16:15:06","date_gmt":"2024-12-26T15:15:06","guid":{"rendered":"https:\/\/www.atta45.se\/e-butik\/?post_type=product&#038;p=25003"},"modified":"2025-10-27T22:06:31","modified_gmt":"2025-10-27T21:06:31","slug":"parker-jotter-kulspetspenna-i-rostfritt-stal","status":"publish","type":"product","link":"https:\/\/www.atta45.se\/e-butik\/produkt\/parker-jotter-kulspetspenna-i-rostfritt-stal\/","title":{"rendered":"Parker\u00ae Jotter kulspetspenna i rostfritt st\u00e5l"},"content":{"rendered":"<p>Parker Jotter kulspetspenna i rostfritt st\u00e5l. Levereras i presentf\u00f6rpackning.<\/p>\n","protected":false},"excerpt":{"rendered":"<p>Parker Jotter kulspetspenna i rostfritt st\u00e5l. Levereras i presentf\u00f6rpackning.<\/p>\n","protected":false},"featured_media":25004,"template":"","meta":{"_acf_changed":false,"_seopress_robots_primary_cat":"","_seopress_titles_title":"","_seopress_titles_desc":"","_seopress_robots_index":""},"product_brand":[],"product_cat":[15],"product_tag":[],"class_list":{"0":"post-25003","1":"product","2":"type-product","3":"status-publish","4":"has-post-thumbnail","6":"product_cat-okategoriserad","7":"atta45_taxonomy-tema-inspiration-made-in-europe-andra-produkter-tillverkade-i-eu-sv","8":"atta45_taxonomy-tema-inspiration-ogonblick-arsslut-sv","9":"atta45_taxonomy-tema-inspiration-branscher-sv","10":"atta45_taxonomy-pennor-exklusiva-pennor-sv","11":"atta45_taxonomy-tema-inspiration-made-in-europe-frankrike-sv","12":"atta45_taxonomy-tema-inspiration-speciella-trycktekniker-name-it-sv","13":"atta45_taxonomy-tema-inspiration-ogonblick-sv","14":"atta45_taxonomy-tema-inspiration-varumarken-parker-sv","15":"atta45_taxonomy-elektronik-kontor-pennor-sv","16":"atta45_taxonomy-pennor-sv","17":"atta45_taxonomy-pennor-pennor-sv","18":"atta45_taxonomy-tema-inspiration-sv","19":"atta45_taxonomy-tema-inspiration-branscher-utbildning-sv","20":"atta45_taxonomy-tema-inspiration-varumarken-sv","22":"first","23":"instock","24":"taxable","25":"shipping-taxable","26":"purchasable","27":"product-type-variable"},"acf":[],"_links":{"self":[{"href":"https:\/\/www.atta45.se\/e-butik\/wp-json\/wp\/v2\/product\/25003","targetHints":{"allow":["GET"]}}],"collection":[{"href":"https:\/\/www.atta45.se\/e-butik\/wp-json\/wp\/v2\/product"}],"about":[{"href":"https:\/\/www.atta45.se\/e-butik\/wp-json\/wp\/v2\/types\/product"}],"wp:featuredmedia":[{"embeddable":true,"href":"https:\/\/www.atta45.se\/e-butik\/wp-json\/wp\/v2\/media\/25004"}],"wp:attachment":[{"href":"https:\/\/www.atta45.se\/e-butik\/wp-json\/wp\/v2\/media?parent=25003"}],"wp:term":[{"taxonomy":"product_brand","embeddable":true,"href":"https:\/\/www.atta45.se\/e-butik\/wp-json\/wp\/v2\/product_brand?post=25003"},{"taxonomy":"product_cat","embeddable":true,"href":"https:\/\/www.atta45.se\/e-butik\/wp-json\/wp\/v2\/product_cat?post=25003"},{"taxonomy":"product_tag","embeddable":true,"href":"https:\/\/www.atta45.se\/e-butik\/wp-json\/wp\/v2\/product_tag?post=25003"}],"curies":[{"name":"wp","href":"https:\/\/api.w.org\/{rel}","templated":true}]}}