{"id":24935,"date":"2024-12-26T16:14:43","date_gmt":"2024-12-26T15:14:43","guid":{"rendered":"https:\/\/www.atta45.se\/e-butik\/?post_type=product&#038;p=24935"},"modified":"2025-10-27T22:05:36","modified_gmt":"2025-10-27T21:05:36","slug":"kulspetspenna-med-kropp-i-kartong","status":"publish","type":"product","link":"https:\/\/www.atta45.se\/e-butik\/produkt\/kulspetspenna-med-kropp-i-kartong\/","title":{"rendered":"Kulspetspenna med kropp i kartong"},"content":{"rendered":"<p>Milj\u00f6 kulspetspenna med kropp av papp och klips av tr\u00e4. Samtliga plastdetaljer \u00e4r biologiskt nedbrytbara. Bl\u00e5tt bl\u00e4ck.<\/p>\n","protected":false},"excerpt":{"rendered":"<p>Milj\u00f6 kulspetspenna med kropp av papp och klips av tr\u00e4. Samtliga plastdetaljer \u00e4r biologiskt nedbrytbara. Bl\u00e5tt bl\u00e4ck.<\/p>\n","protected":false},"featured_media":24936,"template":"","meta":{"_acf_changed":false,"_seopress_robots_primary_cat":"","_seopress_titles_title":"","_seopress_titles_desc":"","_seopress_robots_index":""},"product_brand":[],"product_cat":[15],"product_tag":[],"class_list":{"0":"post-24935","1":"product","2":"type-product","3":"status-publish","4":"has-post-thumbnail","6":"product_cat-okategoriserad","7":"atta45_taxonomy-tema-inspiration-grona-intryck-eco-basic-sv","8":"atta45_taxonomy-tema-inspiration-ogonblick-en-gron-planet-sv","9":"atta45_taxonomy-tema-inspiration-grona-intryck-sv","10":"atta45_taxonomy-tema-inspiration-grona-intryck-kartong-sv","11":"atta45_taxonomy-pennor-sv","12":"atta45_taxonomy-elektronik-kontor-pennor-sv","13":"atta45_taxonomy-tema-inspiration-sv","15":"first","16":"instock","17":"taxable","18":"shipping-taxable","19":"purchasable","20":"product-type-variable"},"acf":[],"_links":{"self":[{"href":"https:\/\/www.atta45.se\/e-butik\/wp-json\/wp\/v2\/product\/24935","targetHints":{"allow":["GET"]}}],"collection":[{"href":"https:\/\/www.atta45.se\/e-butik\/wp-json\/wp\/v2\/product"}],"about":[{"href":"https:\/\/www.atta45.se\/e-butik\/wp-json\/wp\/v2\/types\/product"}],"wp:featuredmedia":[{"embeddable":true,"href":"https:\/\/www.atta45.se\/e-butik\/wp-json\/wp\/v2\/media\/24936"}],"wp:attachment":[{"href":"https:\/\/www.atta45.se\/e-butik\/wp-json\/wp\/v2\/media?parent=24935"}],"wp:term":[{"taxonomy":"product_brand","embeddable":true,"href":"https:\/\/www.atta45.se\/e-butik\/wp-json\/wp\/v2\/product_brand?post=24935"},{"taxonomy":"product_cat","embeddable":true,"href":"https:\/\/www.atta45.se\/e-butik\/wp-json\/wp\/v2\/product_cat?post=24935"},{"taxonomy":"product_tag","embeddable":true,"href":"https:\/\/www.atta45.se\/e-butik\/wp-json\/wp\/v2\/product_tag?post=24935"}],"curies":[{"name":"wp","href":"https:\/\/api.w.org\/{rel}","templated":true}]}}