{"id":24901,"date":"2024-12-26T16:14:31","date_gmt":"2024-12-26T15:14:31","guid":{"rendered":"https:\/\/www.atta45.se\/e-butik\/?post_type=product&#038;p=24901"},"modified":"2025-10-27T22:00:49","modified_gmt":"2025-10-27T21:00:49","slug":"stilolinea-ducal-kulspetspenna-i-abs","status":"publish","type":"product","link":"https:\/\/www.atta45.se\/e-butik\/produkt\/stilolinea-ducal-kulspetspenna-i-abs\/","title":{"rendered":"Stilolinea Ducal kulspetspenna i ABS"},"content":{"rendered":"<p>Stilolinea Ducal ABS kulspetspenna, bl\u00e5tt bl\u00e4ck, med en f\u00e4rgad spets och Clips.<\/p>\n","protected":false},"excerpt":{"rendered":"<p>Stilolinea Ducal ABS kulspetspenna, bl\u00e5tt bl\u00e4ck, med en f\u00e4rgad spets och Clips.<\/p>\n","protected":false},"featured_media":24902,"template":"","meta":{"_acf_changed":false,"_seopress_robots_primary_cat":"","_seopress_titles_title":"","_seopress_titles_desc":"","_seopress_robots_index":""},"product_brand":[],"product_cat":[15],"product_tag":[],"class_list":{"0":"post-24901","1":"product","2":"type-product","3":"status-publish","4":"has-post-thumbnail","6":"product_cat-okategoriserad","7":"atta45_taxonomy-tema-inspiration-made-in-europe-andra-produkter-tillverkade-i-eu-sv","8":"atta45_taxonomy-tema-inspiration-made-in-europe-italien-sv","9":"atta45_taxonomy-elektronik-kontor-pennor-sv","10":"atta45_taxonomy-pennor-sv","11":"atta45_taxonomy-pennor-pennor-sv","12":"atta45_taxonomy-tema-inspiration-varumarken-stilolinea-sv","13":"atta45_taxonomy-tema-inspiration-varumarken-sv","15":"first","16":"instock","17":"taxable","18":"shipping-taxable","19":"purchasable","20":"product-type-variable"},"acf":[],"_links":{"self":[{"href":"https:\/\/www.atta45.se\/e-butik\/wp-json\/wp\/v2\/product\/24901","targetHints":{"allow":["GET"]}}],"collection":[{"href":"https:\/\/www.atta45.se\/e-butik\/wp-json\/wp\/v2\/product"}],"about":[{"href":"https:\/\/www.atta45.se\/e-butik\/wp-json\/wp\/v2\/types\/product"}],"wp:featuredmedia":[{"embeddable":true,"href":"https:\/\/www.atta45.se\/e-butik\/wp-json\/wp\/v2\/media\/24902"}],"wp:attachment":[{"href":"https:\/\/www.atta45.se\/e-butik\/wp-json\/wp\/v2\/media?parent=24901"}],"wp:term":[{"taxonomy":"product_brand","embeddable":true,"href":"https:\/\/www.atta45.se\/e-butik\/wp-json\/wp\/v2\/product_brand?post=24901"},{"taxonomy":"product_cat","embeddable":true,"href":"https:\/\/www.atta45.se\/e-butik\/wp-json\/wp\/v2\/product_cat?post=24901"},{"taxonomy":"product_tag","embeddable":true,"href":"https:\/\/www.atta45.se\/e-butik\/wp-json\/wp\/v2\/product_tag?post=24901"}],"curies":[{"name":"wp","href":"https:\/\/api.w.org\/{rel}","templated":true}]}}