{"id":24889,"date":"2024-12-26T16:14:25","date_gmt":"2024-12-26T15:14:25","guid":{"rendered":"https:\/\/www.atta45.se\/e-butik\/?post_type=product&#038;p=24889"},"modified":"2025-10-27T21:59:46","modified_gmt":"2025-10-27T20:59:46","slug":"waterman-blackpenna-i-rostfritt-stal","status":"publish","type":"product","link":"https:\/\/www.atta45.se\/e-butik\/produkt\/waterman-blackpenna-i-rostfritt-stal\/","title":{"rendered":"Waterman bl\u00e4ckpenna i rostfritt st\u00e5l"},"content":{"rendered":"<p>Waterman\u00ae bl\u00e4ckpenna i rostfritt st\u00e5l, inklusive en patron med bl\u00e5tt bl\u00e4ck. Levereras i presentask.<\/p>\n","protected":false},"excerpt":{"rendered":"<p>Waterman\u00ae bl\u00e4ckpenna i rostfritt st\u00e5l, inklusive en patron med bl\u00e5tt bl\u00e4ck. Levereras i presentask.<\/p>\n","protected":false},"featured_media":24890,"template":"","meta":{"_acf_changed":false,"_seopress_robots_primary_cat":"","_seopress_titles_title":"","_seopress_titles_desc":"","_seopress_robots_index":""},"product_brand":[],"product_cat":[15],"product_tag":[],"class_list":{"0":"post-24889","1":"product","2":"type-product","3":"status-publish","4":"has-post-thumbnail","6":"product_cat-okategoriserad","7":"atta45_taxonomy-tema-inspiration-made-in-europe-andra-produkter-tillverkade-i-eu-sv","8":"atta45_taxonomy-pennor-exklusiva-pennor-sv","9":"atta45_taxonomy-tema-inspiration-made-in-europe-frankrike-sv","10":"atta45_taxonomy-elektronik-kontor-pennor-sv","11":"atta45_taxonomy-pennor-sv","12":"atta45_taxonomy-pennor-pennor-sv","13":"atta45_taxonomy-tema-inspiration-varumarken-sv","14":"atta45_taxonomy-tema-inspiration-varumarken-waterman-sv","16":"first","17":"instock","18":"taxable","19":"shipping-taxable","20":"purchasable","21":"product-type-variable"},"acf":[],"_links":{"self":[{"href":"https:\/\/www.atta45.se\/e-butik\/wp-json\/wp\/v2\/product\/24889","targetHints":{"allow":["GET"]}}],"collection":[{"href":"https:\/\/www.atta45.se\/e-butik\/wp-json\/wp\/v2\/product"}],"about":[{"href":"https:\/\/www.atta45.se\/e-butik\/wp-json\/wp\/v2\/types\/product"}],"wp:featuredmedia":[{"embeddable":true,"href":"https:\/\/www.atta45.se\/e-butik\/wp-json\/wp\/v2\/media\/24890"}],"wp:attachment":[{"href":"https:\/\/www.atta45.se\/e-butik\/wp-json\/wp\/v2\/media?parent=24889"}],"wp:term":[{"taxonomy":"product_brand","embeddable":true,"href":"https:\/\/www.atta45.se\/e-butik\/wp-json\/wp\/v2\/product_brand?post=24889"},{"taxonomy":"product_cat","embeddable":true,"href":"https:\/\/www.atta45.se\/e-butik\/wp-json\/wp\/v2\/product_cat?post=24889"},{"taxonomy":"product_tag","embeddable":true,"href":"https:\/\/www.atta45.se\/e-butik\/wp-json\/wp\/v2\/product_tag?post=24889"}],"curies":[{"name":"wp","href":"https:\/\/api.w.org\/{rel}","templated":true}]}}