{"id":24829,"date":"2024-12-26T16:14:00","date_gmt":"2024-12-26T15:14:00","guid":{"rendered":"https:\/\/www.atta45.se\/e-butik\/?post_type=product&#038;p=24829"},"modified":"2025-10-27T21:57:14","modified_gmt":"2025-10-27T20:57:14","slug":"stilolinea-baron-extra-abs-kulspetspenna","status":"publish","type":"product","link":"https:\/\/www.atta45.se\/e-butik\/produkt\/stilolinea-baron-extra-abs-kulspetspenna\/","title":{"rendered":"Stilolinea Baron Extra ABS kulspetspenna"},"content":{"rendered":"<p>Stilolinea Baron Extra ABS kulspetspenna, bl\u00e5tt bl\u00e4ck, med kl\u00e4mma. F\u00f6rsedd med tyskt dokumentbl\u00e4ck.<\/p>\n","protected":false},"excerpt":{"rendered":"<p>Stilolinea Baron Extra ABS kulspetspenna, bl\u00e5tt bl\u00e4ck, med kl\u00e4mma. F\u00f6rsedd med tyskt dokumentbl\u00e4ck.<\/p>\n","protected":false},"featured_media":24830,"template":"","meta":{"_acf_changed":false,"_seopress_robots_primary_cat":"","_seopress_titles_title":"","_seopress_titles_desc":"","_seopress_robots_index":""},"product_brand":[],"product_cat":[15],"product_tag":[],"class_list":{"0":"post-24829","1":"product","2":"type-product","3":"status-publish","4":"has-post-thumbnail","6":"product_cat-okategoriserad","7":"atta45_taxonomy-pennor-sv","8":"atta45_taxonomy-pennor-pennor-sv","9":"atta45_taxonomy-elektronik-kontor-pennor-sv","10":"atta45_taxonomy-tema-inspiration-varumarken-stilolinea-sv","11":"atta45_taxonomy-tema-inspiration-varumarken-sv","13":"first","14":"instock","15":"taxable","16":"shipping-taxable","17":"purchasable","18":"product-type-variable"},"acf":[],"_links":{"self":[{"href":"https:\/\/www.atta45.se\/e-butik\/wp-json\/wp\/v2\/product\/24829","targetHints":{"allow":["GET"]}}],"collection":[{"href":"https:\/\/www.atta45.se\/e-butik\/wp-json\/wp\/v2\/product"}],"about":[{"href":"https:\/\/www.atta45.se\/e-butik\/wp-json\/wp\/v2\/types\/product"}],"wp:featuredmedia":[{"embeddable":true,"href":"https:\/\/www.atta45.se\/e-butik\/wp-json\/wp\/v2\/media\/24830"}],"wp:attachment":[{"href":"https:\/\/www.atta45.se\/e-butik\/wp-json\/wp\/v2\/media?parent=24829"}],"wp:term":[{"taxonomy":"product_brand","embeddable":true,"href":"https:\/\/www.atta45.se\/e-butik\/wp-json\/wp\/v2\/product_brand?post=24829"},{"taxonomy":"product_cat","embeddable":true,"href":"https:\/\/www.atta45.se\/e-butik\/wp-json\/wp\/v2\/product_cat?post=24829"},{"taxonomy":"product_tag","embeddable":true,"href":"https:\/\/www.atta45.se\/e-butik\/wp-json\/wp\/v2\/product_tag?post=24829"}],"curies":[{"name":"wp","href":"https:\/\/api.w.org\/{rel}","templated":true}]}}