{"id":24701,"date":"2024-12-26T16:13:13","date_gmt":"2024-12-26T15:13:13","guid":{"rendered":"https:\/\/www.atta45.se\/e-butik\/?post_type=product&#038;p=24701"},"modified":"2025-10-27T20:35:25","modified_gmt":"2025-10-27T19:35:25","slug":"skrivset-i-atervunnet-rostfritt-stal-fritz","status":"publish","type":"product","link":"https:\/\/www.atta45.se\/e-butik\/produkt\/skrivset-i-atervunnet-rostfritt-stal-fritz\/","title":{"rendered":"Skrivset i \u00e5tervunnet rostfritt st\u00e5l Fritz"},"content":{"rendered":"<p>Skrivset i \u00e5tervunnet rostfritt st\u00e5l best\u00e5ende av en twistkulpenna och en rollerballpenna, b\u00e5da med bl\u00e5tt bl\u00e4ck. Med en symbol f\u00f6r \u00e5tervunnet rostfritt st\u00e5l p\u00e5 baksidan av b\u00e5da pennorna. F\u00f6rpackade tillsammans i en presentf\u00f6rpackning av kraftpapper.<\/p>\n","protected":false},"excerpt":{"rendered":"<p>Skrivset i \u00e5tervunnet rostfritt st\u00e5l best\u00e5ende av en twistkulpenna och en rollerballpenna, b\u00e5da med bl\u00e5tt bl\u00e4ck. Med en symbol f\u00f6r \u00e5tervunnet rostfritt st\u00e5l p\u00e5 baksidan av b\u00e5da pennorna. F\u00f6rpackade tillsammans i en presentf\u00f6rpackning av kraftpapper.<\/p>\n","protected":false},"featured_media":24702,"template":"","meta":{"_acf_changed":false,"_seopress_robots_primary_cat":"","_seopress_titles_title":"","_seopress_titles_desc":"","_seopress_robots_index":""},"product_brand":[],"product_cat":[15],"product_tag":[],"class_list":{"0":"post-24701","1":"product","2":"type-product","3":"status-publish","4":"has-post-thumbnail","6":"product_cat-okategoriserad","7":"atta45_taxonomy-pennor-exklusiva-pennor-sv","8":"atta45_taxonomy-tema-inspiration-grona-intryck-sv","9":"atta45_taxonomy-tema-inspiration-ogonblick-kontorsliv-sv","10":"atta45_taxonomy-nyheter-sv","11":"atta45_taxonomy-tema-inspiration-utvalda-produkter-nyheter-sv","12":"atta45_taxonomy-tema-inspiration-ogonblick-sv","13":"atta45_taxonomy-pennor-pennor-sv","14":"atta45_taxonomy-pennor-sv","15":"atta45_taxonomy-elektronik-kontor-pennor-sv","16":"atta45_taxonomy-pennor-pennset-sv","17":"atta45_taxonomy-pennor-rit-farglaggning-sv","18":"atta45_taxonomy-tema-inspiration-sv","20":"first","21":"instock","22":"taxable","23":"shipping-taxable","24":"purchasable","25":"product-type-variable"},"acf":[],"_links":{"self":[{"href":"https:\/\/www.atta45.se\/e-butik\/wp-json\/wp\/v2\/product\/24701","targetHints":{"allow":["GET"]}}],"collection":[{"href":"https:\/\/www.atta45.se\/e-butik\/wp-json\/wp\/v2\/product"}],"about":[{"href":"https:\/\/www.atta45.se\/e-butik\/wp-json\/wp\/v2\/types\/product"}],"wp:featuredmedia":[{"embeddable":true,"href":"https:\/\/www.atta45.se\/e-butik\/wp-json\/wp\/v2\/media\/24702"}],"wp:attachment":[{"href":"https:\/\/www.atta45.se\/e-butik\/wp-json\/wp\/v2\/media?parent=24701"}],"wp:term":[{"taxonomy":"product_brand","embeddable":true,"href":"https:\/\/www.atta45.se\/e-butik\/wp-json\/wp\/v2\/product_brand?post=24701"},{"taxonomy":"product_cat","embeddable":true,"href":"https:\/\/www.atta45.se\/e-butik\/wp-json\/wp\/v2\/product_cat?post=24701"},{"taxonomy":"product_tag","embeddable":true,"href":"https:\/\/www.atta45.se\/e-butik\/wp-json\/wp\/v2\/product_tag?post=24701"}],"curies":[{"name":"wp","href":"https:\/\/api.w.org\/{rel}","templated":true}]}}