{"id":24689,"date":"2024-12-26T16:13:08","date_gmt":"2024-12-26T15:13:08","guid":{"rendered":"https:\/\/www.atta45.se\/e-butik\/?post_type=product&#038;p=24689"},"modified":"2025-10-27T20:35:08","modified_gmt":"2025-10-27T19:35:08","slug":"atervunnen-rostfri-penna-med-twistfunktion-hannelore","status":"publish","type":"product","link":"https:\/\/www.atta45.se\/e-butik\/produkt\/atervunnen-rostfri-penna-med-twistfunktion-hannelore\/","title":{"rendered":"\u00c5tervunnen rostfri penna med twistfunktion Hannelore"},"content":{"rendered":"<p>Kulspetspenna av \u00e5tervunnet rostfritt st\u00e5l med symbol f\u00f6r materialet p\u00e5 baksidan. Bl\u00e5tt bl\u00e4ck. F\u00f6rpackat i en presentask av kraftpapper.<\/p>\n","protected":false},"excerpt":{"rendered":"<p>Kulspetspenna av \u00e5tervunnet rostfritt st\u00e5l med symbol f\u00f6r materialet p\u00e5 baksidan. Bl\u00e5tt bl\u00e4ck. F\u00f6rpackat i en presentask av kraftpapper.<\/p>\n","protected":false},"featured_media":24690,"template":"","meta":{"_acf_changed":false,"_seopress_robots_primary_cat":"","_seopress_titles_title":"","_seopress_titles_desc":"","_seopress_robots_index":""},"product_brand":[],"product_cat":[15],"product_tag":[],"class_list":{"0":"post-24689","1":"product","2":"type-product","3":"status-publish","4":"has-post-thumbnail","6":"product_cat-okategoriserad","7":"atta45_taxonomy-pennor-exklusiva-pennor-sv","8":"atta45_taxonomy-tema-inspiration-grona-intryck-sv","9":"atta45_taxonomy-tema-inspiration-utvalda-produkter-nyheter-sv","10":"atta45_taxonomy-nyheter-sv","11":"atta45_taxonomy-tema-inspiration-ogonblick-sv","12":"atta45_taxonomy-pennor-pennor-sv","13":"atta45_taxonomy-elektronik-kontor-pennor-sv","14":"atta45_taxonomy-pennor-sv","15":"atta45_taxonomy-tema-inspiration-sv","17":"first","18":"instock","19":"taxable","20":"shipping-taxable","21":"purchasable","22":"product-type-variable"},"acf":[],"_links":{"self":[{"href":"https:\/\/www.atta45.se\/e-butik\/wp-json\/wp\/v2\/product\/24689","targetHints":{"allow":["GET"]}}],"collection":[{"href":"https:\/\/www.atta45.se\/e-butik\/wp-json\/wp\/v2\/product"}],"about":[{"href":"https:\/\/www.atta45.se\/e-butik\/wp-json\/wp\/v2\/types\/product"}],"wp:featuredmedia":[{"embeddable":true,"href":"https:\/\/www.atta45.se\/e-butik\/wp-json\/wp\/v2\/media\/24690"}],"wp:attachment":[{"href":"https:\/\/www.atta45.se\/e-butik\/wp-json\/wp\/v2\/media?parent=24689"}],"wp:term":[{"taxonomy":"product_brand","embeddable":true,"href":"https:\/\/www.atta45.se\/e-butik\/wp-json\/wp\/v2\/product_brand?post=24689"},{"taxonomy":"product_cat","embeddable":true,"href":"https:\/\/www.atta45.se\/e-butik\/wp-json\/wp\/v2\/product_cat?post=24689"},{"taxonomy":"product_tag","embeddable":true,"href":"https:\/\/www.atta45.se\/e-butik\/wp-json\/wp\/v2\/product_tag?post=24689"}],"curies":[{"name":"wp","href":"https:\/\/api.w.org\/{rel}","templated":true}]}}