{"id":24255,"date":"2024-12-26T16:10:19","date_gmt":"2024-12-26T15:10:19","guid":{"rendered":"https:\/\/www.atta45.se\/e-butik\/?post_type=product&#038;p=24255"},"modified":"2025-10-27T19:26:17","modified_gmt":"2025-10-27T18:26:17","slug":"abs-penna-louis","status":"publish","type":"product","link":"https:\/\/www.atta45.se\/e-butik\/produkt\/abs-penna-louis\/","title":{"rendered":"ABS penna Louis"},"content":{"rendered":"<p>ABS-penna med matt finish och detaljer i grafitf\u00e4rg. Gummispets f\u00f6r touch sk\u00e4rmar. Extra vikt f\u00f6r en lyxig upplevelse. Bl\u00e5tt bl\u00e4ck.<\/p>\n","protected":false},"excerpt":{"rendered":"<p>ABS-penna med matt finish och detaljer i grafitf\u00e4rg. Gummispets f\u00f6r touch sk\u00e4rmar. Extra vikt f\u00f6r en lyxig upplevelse. Bl\u00e5tt bl\u00e4ck.<\/p>\n","protected":false},"featured_media":24256,"template":"","meta":{"_acf_changed":false,"_seopress_robots_primary_cat":"","_seopress_titles_title":"","_seopress_titles_desc":"","_seopress_robots_index":""},"product_brand":[],"product_cat":[15],"product_tag":[],"class_list":{"0":"post-24255","1":"product","2":"type-product","3":"status-publish","4":"has-post-thumbnail","6":"product_cat-okategoriserad","7":"atta45_taxonomy-tema-inspiration-ogonblick-kontorsliv-sv","8":"atta45_taxonomy-nyheter-sv","9":"atta45_taxonomy-tema-inspiration-utvalda-produkter-nyheter-sv","10":"atta45_taxonomy-pennor-sv","11":"atta45_taxonomy-elektronik-kontor-pennor-sv","12":"atta45_taxonomy-pennor-pennor-sv","13":"atta45_taxonomy-tema-inspiration-sv","15":"first","16":"instock","17":"taxable","18":"shipping-taxable","19":"purchasable","20":"product-type-variable"},"acf":[],"_links":{"self":[{"href":"https:\/\/www.atta45.se\/e-butik\/wp-json\/wp\/v2\/product\/24255","targetHints":{"allow":["GET"]}}],"collection":[{"href":"https:\/\/www.atta45.se\/e-butik\/wp-json\/wp\/v2\/product"}],"about":[{"href":"https:\/\/www.atta45.se\/e-butik\/wp-json\/wp\/v2\/types\/product"}],"wp:featuredmedia":[{"embeddable":true,"href":"https:\/\/www.atta45.se\/e-butik\/wp-json\/wp\/v2\/media\/24256"}],"wp:attachment":[{"href":"https:\/\/www.atta45.se\/e-butik\/wp-json\/wp\/v2\/media?parent=24255"}],"wp:term":[{"taxonomy":"product_brand","embeddable":true,"href":"https:\/\/www.atta45.se\/e-butik\/wp-json\/wp\/v2\/product_brand?post=24255"},{"taxonomy":"product_cat","embeddable":true,"href":"https:\/\/www.atta45.se\/e-butik\/wp-json\/wp\/v2\/product_cat?post=24255"},{"taxonomy":"product_tag","embeddable":true,"href":"https:\/\/www.atta45.se\/e-butik\/wp-json\/wp\/v2\/product_tag?post=24255"}],"curies":[{"name":"wp","href":"https:\/\/api.w.org\/{rel}","templated":true}]}}