{"id":24025,"date":"2024-12-26T16:08:47","date_gmt":"2024-12-26T15:08:47","guid":{"rendered":"https:\/\/www.atta45.se\/e-butik\/?post_type=product&#038;p=24025"},"modified":"2025-10-28T00:32:17","modified_gmt":"2025-10-27T23:32:17","slug":"pennfodral-eu","status":"publish","type":"product","link":"https:\/\/www.atta45.se\/e-butik\/produkt\/pennfodral-eu\/","title":{"rendered":"Pennfodral EU"},"content":{"rendered":"<p>Pennfodral i Polyester. Fullf\u00e4rgstryck \u00f6ver hela.<\/p>\n<p>Hela produkten trycks i din design. Allt fr\u00e5n bottenf\u00e4rgen till logotypen. G\u00f6rs i fullf\u00e4rgstryck, vilket ger total frihet i f\u00e4rger och layout.<\/p>\n<p>Storlek: 20 x 8 cm<br \/>Material: 100% polyester<br \/>Materialvikt: 275 g\/m2 +180 g <\/p>\n<p>The One Premium<\/p>\n","protected":false},"excerpt":{"rendered":"<p>Pennfodral i Polyester. Fullf\u00e4rgstryck \u00f6ver hela. Hela produkten trycks i din design. Allt fr\u00e5n bottenf\u00e4rgen till logotypen. G\u00f6rs i fullf\u00e4rgstryck, vilket ger total frihet i f\u00e4rger och layout. Storlek: 20 x 8 cmMaterial: 100% polyesterMaterialvikt: 275 g\/m2 +180 g The One Premium<\/p>\n","protected":false},"featured_media":24026,"template":"","meta":{"_acf_changed":false,"_seopress_robots_primary_cat":"","_seopress_titles_title":"","_seopress_titles_desc":"","_seopress_robots_index":""},"product_brand":[],"product_cat":[15],"product_tag":[],"class_list":{"0":"post-24025","1":"product","2":"type-product","3":"status-publish","4":"has-post-thumbnail","6":"product_cat-okategoriserad","7":"atta45_taxonomy-elektronik-kontor-pennbehallare-sv","8":"atta45_taxonomy-pennor-pennhallare-sv","9":"atta45_taxonomy-tema-inspiration-varumarken-the-one-premium-sv","11":"first","12":"instock","13":"taxable","14":"shipping-taxable","15":"purchasable","16":"product-type-variable"},"acf":[],"_links":{"self":[{"href":"https:\/\/www.atta45.se\/e-butik\/wp-json\/wp\/v2\/product\/24025","targetHints":{"allow":["GET"]}}],"collection":[{"href":"https:\/\/www.atta45.se\/e-butik\/wp-json\/wp\/v2\/product"}],"about":[{"href":"https:\/\/www.atta45.se\/e-butik\/wp-json\/wp\/v2\/types\/product"}],"wp:featuredmedia":[{"embeddable":true,"href":"https:\/\/www.atta45.se\/e-butik\/wp-json\/wp\/v2\/media\/24026"}],"wp:attachment":[{"href":"https:\/\/www.atta45.se\/e-butik\/wp-json\/wp\/v2\/media?parent=24025"}],"wp:term":[{"taxonomy":"product_brand","embeddable":true,"href":"https:\/\/www.atta45.se\/e-butik\/wp-json\/wp\/v2\/product_brand?post=24025"},{"taxonomy":"product_cat","embeddable":true,"href":"https:\/\/www.atta45.se\/e-butik\/wp-json\/wp\/v2\/product_cat?post=24025"},{"taxonomy":"product_tag","embeddable":true,"href":"https:\/\/www.atta45.se\/e-butik\/wp-json\/wp\/v2\/product_tag?post=24025"}],"curies":[{"name":"wp","href":"https:\/\/api.w.org\/{rel}","templated":true}]}}